{"id":19,"date":"2025-09-17T06:09:59","date_gmt":"2025-09-17T06:09:59","guid":{"rendered":"https:\/\/regenebike.com\/contacto\/"},"modified":"2025-10-24T14:22:03","modified_gmt":"2025-10-24T14:22:03","slug":"contacto","status":"publish","type":"page","link":"https:\/\/regenebike.com\/en\/contacto\/","title":{"rendered":"Contacto | Regenebike &#8211; Reserva tu Tour Regenerativo"},"content":{"rendered":"<div class=\"wp-block-group alignfull has-background-background-color has-background has-global-padding is-layout-constrained wp-container-core-group-is-layout-47c95574 wp-block-group-is-layout-constrained\" id=\"contacto\" style=\"margin-top:0;margin-bottom:0;padding-top:var(--wp--preset--spacing--60);padding-right:var(--wp--preset--spacing--30);padding-bottom:var(--wp--preset--spacing--60);padding-left:var(--wp--preset--spacing--30)\">\n<div class=\"wp-block-group has-tertiary-background-color has-background has-global-padding is-layout-constrained wp-container-core-group-is-layout-1030c8e5 wp-block-group-is-layout-constrained\" style=\"min-height:100%;padding-top:var(--wp--preset--spacing--30);padding-right:var(--wp--preset--spacing--30);padding-bottom:var(--wp--preset--spacing--30);padding-left:var(--wp--preset--spacing--30)\">\n<div class=\"wp-block-group has-background-background-color has-background has-global-padding is-layout-constrained wp-container-core-group-is-layout-5ee4bce5 wp-block-group-is-layout-constrained\" style=\"padding-top:var(--wp--preset--spacing--30);padding-right:var(--wp--preset--spacing--30);padding-bottom:var(--wp--preset--spacing--30);padding-left:var(--wp--preset--spacing--30)\">\n<figure class=\"wp-block-image size-large\"><img loading=\"lazy\" decoding=\"async\" width=\"1024\" height=\"679\" sizes=\"auto, (max-width: min(42rem, 1024px)) 100vw, min(42rem, 1024px)\" src=\"https:\/\/regenebike.com\/wp-content\/uploads\/2025\/10\/image-2-1024x679.avif\" alt=\"\" class=\"wp-image-125\" style=\"aspect-ratio:16\/9;object-fit:cover\" srcset=\"https:\/\/regenebike.com\/wp-content\/uploads\/2025\/10\/image-2-1024x679.avif 1024w, https:\/\/regenebike.com\/wp-content\/uploads\/2025\/10\/image-2-300x199.avif 300w, https:\/\/regenebike.com\/wp-content\/uploads\/2025\/10\/image-2-768x509.avif 768w, https:\/\/regenebike.com\/wp-content\/uploads\/2025\/10\/image-2-18x12.avif 18w, https:\/\/regenebike.com\/wp-content\/uploads\/2025\/10\/image-2.avif 1280w\" \/><\/figure>\n\n\n\n<div class=\"wp-block-columns is-not-stacked-on-mobile is-layout-flex wp-container-core-columns-is-layout-6db7e666 wp-block-columns-is-layout-flex\">\n<div class=\"wp-block-column is-layout-flow wp-block-column-is-layout-flow\" style=\"padding-top:2px;flex-basis:24px\">\n<figure class=\"wp-block-image size-large wp-duotone-primary-foreground\"><img decoding=\"async\" src=\"data:image\/svg+xml;base64,PHN2ZyB4bWxucz0iaHR0cDovL3d3dy53My5vcmcvMjAwMC9zdmciIGhlaWdodD0iMjRweCIgdmlld0JveD0iMCAtOTYwIDk2MCA5NjAiIHdpZHRoPSIyNHB4IiBmaWxsPSIjMWYxZjFmIj48cGF0aCBkPSJNNDgwLTMwMXE5OS04MCAxNDkuNS0xNTRUNjgwLTU5NHEwLTkwLTU2LTE0OHQtMTQ0LTU4cS04OCAwLTE0NCA1OHQtNTYgMTQ4cTAgNjUgNTAuNSAxMzlUNDgwLTMwMVptMCAxMDFRMzM5LTMwNCAyNjkuNS00MDJUMjAwLTU5NHEwLTEyNSA3OC0yMDUuNVQ0ODAtODgwcTEyNCAwIDIwMiA4MC41VDc2MC01OTRxMCA5NC02OS41IDE5MlQ0ODAtMjAwWm0wLTMyMHEzMyAwIDU2LjUtMjMuNVQ1NjAtNjAwcTAtMzMtMjMuNS01Ni41VDQ4MC02ODBxLTMzIDAtNTYuNSAyMy41VDQwMC02MDBxMCAzMyAyMy41IDU2LjVUNDgwLTUyMFpNMjAwLTgwdi04MGg1NjB2ODBIMjAwWm0yODAtNTIwWiIvPjwvc3ZnPg==\" alt=\"\"\/><\/figure>\n<\/div>\n\n\n\n<div class=\"wp-block-column is-layout-flow wp-container-core-column-is-layout-8a368f38 wp-block-column-is-layout-flow\">\n<p class=\"has-medium-font-size\" style=\"font-style:normal;font-weight:500\">Barcelona<\/p>\n\n\n\n<p class=\"has-medium-font-size\" style=\"font-style:normal;font-weight:500\">Sant Antoni<\/p>\n<\/div>\n<\/div>\n<\/div>\n\n\n\n<div class=\"wp-block-columns are-vertically-aligned-center is-not-stacked-on-mobile has-background-background-color has-background is-layout-flex wp-container-core-columns-is-layout-877a7dc8 wp-block-columns-is-layout-flex\" style=\"padding-top:var(--wp--preset--spacing--30);padding-right:var(--wp--preset--spacing--30);padding-bottom:var(--wp--preset--spacing--30);padding-left:var(--wp--preset--spacing--30)\">\n<div class=\"wp-block-column is-vertically-aligned-center is-layout-flow wp-block-column-is-layout-flow\" style=\"flex-basis:24px\">\n<figure class=\"wp-block-image size-large wp-duotone-primary-foreground\"><img decoding=\"async\" src=\"data:image\/svg+xml;base64,PHN2ZyB4bWxucz0iaHR0cDovL3d3dy53My5vcmcvMjAwMC9zdmciIGhlaWdodD0iMjRweCIgdmlld0JveD0iMCAtOTYwIDk2MCA5NjAiIHdpZHRoPSIyNHB4IiBmaWxsPSIjMWYxZjFmIj48cGF0aCBkPSJNNzYwLTQ4MHEwLTExNy04MS41LTE5OC41VDQ4MC03NjB2LTgwcTc1IDAgMTQwLjUgMjguNXQxMTQgNzdxNDguNSA0OC41IDc3IDExNFQ4NDAtNDgwaC04MFptLTE2MCAwcTAtNTAtMzUtODV0LTg1LTM1di04MHE4MyAwIDE0MS41IDU4LjVUNjgwLTQ4MGgtODBabTE5OCAzNjBxLTEyNSAwLTI0Ny01NC41VDMyOS0zMjlRMjI5LTQyOSAxNzQuNS01NTFUMTIwLTc5OHEwLTE4IDEyLTMwdDMwLTEyaDE2MnExNCAwIDI1IDkuNXQxMyAyMi41bDI2IDE0MHEyIDE2LTEgMjd0LTExIDE5bC05NyA5OHEyMCAzNyA0Ny41IDcxLjVUMzg3LTM4NnEzMSAzMSA2NSA1Ny41dDcyIDQ4LjVsOTQtOTRxOS05IDIzLjUtMTMuNVQ2NzAtMzkwbDEzOCAyOHExNCA0IDIzIDE0LjV0OSAyMy41djE2MnEwIDE4LTEyIDMwdC0zMCAxMlpNMjQxLTYwMGw2Ni02Ni0xNy05NGgtODlxNSA0MSAxNCA4MXQyNiA3OVptMzU4IDM1OHEzOSAxNyA3OS41IDI3dDgxLjUgMTN2LTg4bC05NC0xOS02NyA2N1pNMjQxLTYwMFptMzU4IDM1OFoiLz48L3N2Zz4=\" alt=\"\"\/><\/figure>\n<\/div>\n\n\n\n<div class=\"wp-block-column is-vertically-aligned-center is-layout-flow wp-container-core-column-is-layout-8a368f38 wp-block-column-is-layout-flow\">\n<p class=\"has-medium-font-size\" style=\"font-style:normal;font-weight:500\">+34-638 42 69 68<\/p>\n<\/div>\n<\/div>\n\n\n\n<div class=\"wp-block-columns are-vertically-aligned-center is-not-stacked-on-mobile has-background-background-color has-background is-layout-flex wp-container-core-columns-is-layout-877a7dc8 wp-block-columns-is-layout-flex\" style=\"padding-top:var(--wp--preset--spacing--30);padding-right:var(--wp--preset--spacing--30);padding-bottom:var(--wp--preset--spacing--30);padding-left:var(--wp--preset--spacing--30)\">\n<div class=\"wp-block-column is-vertically-aligned-center is-layout-flow wp-block-column-is-layout-flow\" style=\"flex-basis:24px\">\n<figure class=\"wp-block-image size-large wp-duotone-primary-foreground\"><img decoding=\"async\" src=\"data:image\/svg+xml;base64,PHN2ZyB4bWxucz0iaHR0cDovL3d3dy53My5vcmcvMjAwMC9zdmciIGhlaWdodD0iMjRweCIgdmlld0JveD0iMCAtOTYwIDk2MCA5NjAiIHdpZHRoPSIyNHB4IiBmaWxsPSIjMWYxZjFmIj48cGF0aCBkPSJNMTYwLTE2MHEtMzMgMC01Ni41LTIzLjVUODAtMjQwdi00ODBxMC0zMyAyMy41LTU2LjVUMTYwLTgwMGg2NDBxMzMgMCA1Ni41IDIzLjVUODgwLTcyMHY0ODBxMCAzMy0yMy41IDU2LjVUODAwLTE2MEgxNjBabTMyMC0yODBMMTYwLTY0MHY0MDBoNjQwdi00MDBMNDgwLTQ0MFptMC04MCAzMjAtMjAwSDE2MGwzMjAgMjAwWk0xNjAtNjQwdi04MCA0ODAtNDAwWiIvPjwvc3ZnPg==\" alt=\"\"\/><\/figure>\n<\/div>\n\n\n\n<div class=\"wp-block-column is-vertically-aligned-center is-layout-flow wp-container-core-column-is-layout-8a368f38 wp-block-column-is-layout-flow\">\n<p class=\"has-medium-font-size\" style=\"font-style:normal;font-weight:500\">contacto@regenebike.com<\/p>\n<\/div>\n<\/div>\n<\/div>\n<\/div>\n\n\n\n<div class=\"wp-block-group alignfull has-tertiary-background-color has-background has-global-padding is-layout-constrained wp-container-core-group-is-layout-fb85e995 wp-block-group-is-layout-constrained\" id=\"presupuesto\" style=\"margin-top:0;margin-bottom:0;padding-top:var(--wp--preset--spacing--60);padding-right:var(--wp--preset--spacing--30);padding-bottom:var(--wp--preset--spacing--60);padding-left:var(--wp--preset--spacing--30)\">\n<div class=\"wp-block-columns alignwide are-vertically-aligned-top is-layout-flex wp-container-core-columns-is-layout-47c06fe3 wp-block-columns-is-layout-flex\">\n<div class=\"wp-block-column is-vertically-aligned-top is-layout-flow wp-block-column-is-layout-flow\" style=\"flex-basis:55%\">\n<h2 class=\"wp-block-heading has-large-font-size\">Regenebike: pedalling towards a sustainable future<\/h2>\n\n\n\n<p style=\"margin-top:16px\">Descubre c\u00f3mo ponerte en contacto con nosotros para obtener asesor\u00eda personalizada y empezar tu camino hacia una movilidad urbana m\u00e1s sostenible.<\/p>\n<\/div>\n\n\n\n<div class=\"wp-block-column is-vertically-aligned-top is-layout-flow wp-block-column-is-layout-flow\">\n<div class=\"wp-block-group has-background-background-color has-background has-global-padding is-layout-constrained wp-container-core-group-is-layout-2b3d6dce wp-block-group-is-layout-constrained\" style=\"border-radius:4px;padding-top:var(--wp--preset--spacing--30);padding-right:var(--wp--preset--spacing--30);padding-bottom:var(--wp--preset--spacing--30);padding-left:var(--wp--preset--spacing--30)\">\n<div class=\"wp-block-group is-nowrap is-layout-flex wp-container-core-group-is-layout-509d8e3e wp-block-group-is-layout-flex\">\n<div class=\"wp-block-group has-global-padding is-layout-constrained wp-container-core-group-is-layout-83c0fa7c wp-block-group-is-layout-constrained\">\n<figure class=\"wp-block-image size-large wp-duotone-primary-foreground\"><img decoding=\"async\" src=\"data:image\/svg+xml;base64,PHN2ZyB4bWxucz0iaHR0cDovL3d3dy53My5vcmcvMjAwMC9zdmciIHdpZHRoPSI0OCIgaGVpZ2h0PSI0OCIgZmlsbD0ibm9uZSIgdmlld0JveD0iMCAwIDQ4IDQ4Ij48bWFzayBpZD0iYSIgd2lkdGg9IjQ4IiBoZWlnaHQ9IjQ4IiB4PSIwIiB5PSIwIiBtYXNrVW5pdHM9InVzZXJTcGFjZU9uVXNlIiBzdHlsZT0ibWFzay10eXBlOmFscGhhIj48cGF0aCBmaWxsPSIjRDlEOUQ5IiBkPSJNMCAwaDQ4djQ4SDB6Ii8+PC9tYXNrPjxnIG1hc2s9InVybCgjYSkiPjxwYXRoIGZpbGw9IiMxQzFCMUYiIGQ9Ik0yNC4wMDUgMjMuNWEzLjM2IDMuMzYgMCAwIDAgMi40Ny0xLjAzIDMuMzgyIDMuMzgyIDAgMCAwIDEuMDI1LTIuNDc0IDMuMzYgMy4zNiAwIDAgMC0xLjAzLTIuNDcxIDMuMzgyIDMuMzgyIDAgMCAwLTIuNDc0LTEuMDI1IDMuMzYgMy4zNiAwIDAgMC0yLjQ3MSAxLjAzIDMuMzgyIDMuMzgyIDAgMCAwLTEuMDI1IDIuNDc0IDMuMzYgMy4zNiAwIDAgMCAxLjAzIDIuNDcxIDMuMzgyIDMuMzgyIDAgMCAwIDIuNDc0IDEuMDI1Wk0yNCA0MC4wNWM0LjQzMy00LjAzMyA3LjcwOC03LjY5MiA5LjgyNS0xMC45NzVDMzUuOTQyIDI1Ljc5MiAzNyAyMi45IDM3IDIwLjRjMC0zLjkyNi0xLjI1NS03LjE0MS0zLjc2NC05LjY0NUMzMC43MjYgOC4yNTIgMjcuNjQ3IDcgMjQgN2MtMy42NDcgMC02LjcyNiAxLjI1Mi05LjIzNiAzLjc1NUMxMi4yNTUgMTMuMjU5IDExIDE2LjQ3NCAxMSAyMC40YzAgMi41IDEuMDgzIDUuMzkyIDMuMjUgOC42NzUgMi4xNjcgMy4yODMgNS40MTcgNi45NDIgOS43NSAxMC45NzVaTTI0IDQ0Yy01LjM2Ny00LjU2Ny05LjM3NS04LjgwOC0xMi4wMjUtMTIuNzI1QzkuMzI1IDI3LjM1OCA4IDIzLjczMyA4IDIwLjRjMC01IDEuNjA4LTguOTgzIDQuODI1LTExLjk1QzE2LjA0MiA1LjQ4MyAxOS43NjcgNCAyNCA0YzQuMjMzIDAgNy45NTggMS40ODMgMTEuMTc1IDQuNDVDMzguMzkyIDExLjQxNyA0MCAxNS40IDQwIDIwLjRjMCAzLjMzMy0xLjMyNSA2Ljk1OC0zLjk3NSAxMC44NzVDMzMuMzc1IDM1LjE5MiAyOS4zNjcgMzkuNDMzIDI0IDQ0WiIvPjwvZz48L3N2Zz4=\" alt=\"\"\/><\/figure>\n<\/div>\n\n\n\n<p class=\"has-text-align-center\">Barcelona,<\/p>\n\n\n\n<p class=\"has-text-align-center\">Sant Antoni<\/p>\n<\/div>\n\n\n\n<div class=\"wp-block-group is-nowrap is-layout-flex wp-container-core-group-is-layout-509d8e3e wp-block-group-is-layout-flex\">\n<div class=\"wp-block-group has-global-padding is-layout-constrained wp-container-core-group-is-layout-83c0fa7c wp-block-group-is-layout-constrained\">\n<figure class=\"wp-block-image size-large wp-duotone-primary-foreground\"><img decoding=\"async\" src=\"data:image\/svg+xml;base64,PHN2ZyB4bWxucz0iaHR0cDovL3d3dy53My5vcmcvMjAwMC9zdmciIHdpZHRoPSI0OCIgaGVpZ2h0PSI0OCIgZmlsbD0ibm9uZSIgdmlld0JveD0iMCAwIDQ4IDQ4Ij48bWFzayBpZD0iYSIgd2lkdGg9IjQ4IiBoZWlnaHQ9IjQ4IiB4PSIwIiB5PSIwIiBtYXNrVW5pdHM9InVzZXJTcGFjZU9uVXNlIiBzdHlsZT0ibWFzay10eXBlOmFscGhhIj48cGF0aCBmaWxsPSIjRDlEOUQ5IiBkPSJNMCAwaDQ4djQ4SDB6Ii8+PC9tYXNrPjxnIG1hc2s9InVybCgjYSkiPjxwYXRoIGZpbGw9IiMxQzFCMUYiIGQ9Ik0zOS43NSA0MmMtMy44NjcgMC03LjgwOC0uOTMzLTExLjgyNS0yLjgtNC4wMTctMS44NjctNy43NDItNC41MTctMTEuMTc1LTcuOTUtMy40MzMtMy40MzMtNi4wODMtNy4xNTgtNy45NS0xMS4xNzVTNiAxMi4xMTcgNiA4LjI1YzAtLjY0My4yMTQtMS4xNzkuNjQzLTEuNjA3QzcuMDcxIDYuMjE0IDcuNjA3IDYgOC4yNSA2aDdjLjQ2NyAwIC44NjcuMTY3IDEuMi41LjMzMy4zMzMuNTY3Ljc1LjcgMS4yNWwxLjM0NyA2LjI4MmMuMDY5LjQ3OS4wNjEuOTEtLjAyMiAxLjI5M2ExLjk1MyAxLjk1MyAwIDAgMS0uNTM3Ljk4NkwxMi45NSAyMS4zNWE0MS44MDQgNDEuODA0IDAgMCAwIDIuNzUgNC4xIDMyLjUyMiAzMi41MjIgMCAwIDAgMy4yIDMuNiAzNi4zNDggMzYuMzQ4IDAgMCAwIDMuOSAzLjQ3NSAzMC45NzQgMzAuOTc0IDAgMCAwIDQuMyAyLjc3NWw0Ljc1LTQuOWMuMzMzLS4zNjcuNzItLjYxNyAxLjE1Ny0uNzUuNDM5LS4xMzMuODctLjE2NyAxLjI5My0uMWw1Ljk1IDEuM2MuNS4xMzMuOTE3LjQgMS4yNS44MDIuMzMzLjQwMi41Ljg1MS41IDEuMzQ4djYuNzVjMCAuNjQzLS4yMTQgMS4xNzktLjY0MyAxLjYwNy0uNDI4LjQyOS0uOTY0LjY0My0xLjYwNy42NDNabS0yOC4zLTIzLjQgNC4wNS00LjFMMTQuMzUgOUg5Yy4wNjcgMS40LjI5MiAyLjg3NS42NzUgNC40MjUuMzgzIDEuNTUuOTc1IDMuMjc1IDEuNzc1IDUuMTc1Wk0yOS45IDM2Ljc1YTI0Ljk2IDI0Ljk2IDAgMCAwIDQuNDUgMS41NWMxLjYuNCAzLjE1LjYzMyA0LjY1Ljd2LTUuMzVsLTUuMTUtMS4wNS0zLjk1IDQuMTVaIi8+PC9nPjwvc3ZnPg==\" alt=\"\"\/><\/figure>\n<\/div>\n\n\n\n<p class=\"has-text-align-center\">+34-638426968<\/p>\n<\/div>\n\n\n\n<div class=\"wp-block-group is-nowrap is-layout-flex wp-container-core-group-is-layout-509d8e3e wp-block-group-is-layout-flex\">\n<div class=\"wp-block-group has-global-padding is-layout-constrained wp-container-core-group-is-layout-83c0fa7c wp-block-group-is-layout-constrained\">\n<figure class=\"wp-block-image size-large wp-duotone-primary-foreground\"><img decoding=\"async\" src=\"data:image\/svg+xml;base64,PHN2ZyB4bWxucz0iaHR0cDovL3d3dy53My5vcmcvMjAwMC9zdmciIHdpZHRoPSI0OCIgaGVpZ2h0PSI0OCIgZmlsbD0ibm9uZSIgdmlld0JveD0iMCAwIDQ4IDQ4Ij48bWFzayBpZD0iYSIgd2lkdGg9IjQ4IiBoZWlnaHQ9IjQ4IiB4PSIwIiB5PSIwIiBtYXNrVW5pdHM9InVzZXJTcGFjZU9uVXNlIiBzdHlsZT0ibWFzay10eXBlOmFscGhhIj48cGF0aCBmaWxsPSIjRDlEOUQ5IiBkPSJNMCAwaDQ4djQ4SDB6Ii8+PC9tYXNrPjxnIG1hc2s9InVybCgjYSkiPjxwYXRoIGZpbGw9IiMxQzFCMUYiIGQ9Ik03IDQwYy0uOCAwLTEuNS0uMy0yLjEtLjktLjYtLjYtLjktMS4zLS45LTIuMVYxMWMwLS44LjMtMS41LjktMi4xQzUuNSA4LjMgNi4yIDggNyA4aDM0Yy44IDAgMS41LjMgMi4xLjkuNi42LjkgMS4zLjkgMi4xdjI2YzAgLjgtLjMgMS41LS45IDIuMS0uNi42LTEuMy45LTIuMS45SDdabTE3LTE1LjFMNyAxMy43NVYzN2gzNFYxMy43NUwyNCAyNC45Wm0wLTNMNDAuOCAxMUg3LjI1TDI0IDIxLjlaTTcgMTMuNzVWMTF2MjYtMjMuMjVaIi8+PC9nPjwvc3ZnPg==\" alt=\"\"\/><\/figure>\n<\/div>\n\n\n\n<p class=\"has-text-align-center\">contacto@regenebike.com<\/p>\n<\/div>\n<\/div>\n<\/div>\n<\/div>\n\n\n\n<div class=\"wp-block-cover alignwide is-light\"><img loading=\"lazy\" decoding=\"async\" width=\"1024\" height=\"682\" sizes=\"auto, (max-width: 80rem) 100vw, 80rem\" class=\"wp-block-cover__image-background wp-image-124 size-large\" alt=\"\" src=\"https:\/\/regenebike.com\/wp-content\/uploads\/2025\/10\/image-1-1024x682.avif\" data-object-fit=\"cover\" srcset=\"https:\/\/regenebike.com\/wp-content\/uploads\/2025\/10\/image-1-1024x682.avif 1024w, https:\/\/regenebike.com\/wp-content\/uploads\/2025\/10\/image-1-300x200.avif 300w, https:\/\/regenebike.com\/wp-content\/uploads\/2025\/10\/image-1-768x512.avif 768w, https:\/\/regenebike.com\/wp-content\/uploads\/2025\/10\/image-1-18x12.avif 18w, https:\/\/regenebike.com\/wp-content\/uploads\/2025\/10\/image-1.avif 1280w\" \/><span aria-hidden=\"true\" class=\"wp-block-cover__background has-background-dim-0 has-background-dim\" style=\"background-color:#848093\"><\/span><div class=\"wp-block-cover__inner-container is-layout-flow wp-block-cover-is-layout-flow\">\n<div style=\"height:380px\" aria-hidden=\"true\" class=\"wp-block-spacer\"><\/div>\n<\/div><\/div>\n<\/div>","protected":false},"excerpt":{"rendered":"<p>Barcelona Sant Antoni +34-638 42 69 68 contacto@regenebike.com Regenebike: pedaleando hacia un futuro sostenible Descubre c\u00f3mo ponerte en contacto con nosotros para obtener asesor\u00eda personalizada y empezar tu camino hacia una movilidad urbana m\u00e1s sostenible. Barcelona, Sant Antoni +34-638426968 contacto@regenebike.com<\/p>","protected":false},"author":1,"featured_media":0,"parent":0,"menu_order":0,"comment_status":"closed","ping_status":"closed","template":"page-with-title","meta":{"footnotes":""},"class_list":["post-19","page","type-page","status-publish","hentry"],"aioseo_notices":[],"_links":{"self":[{"href":"https:\/\/regenebike.com\/en\/wp-json\/wp\/v2\/pages\/19","targetHints":{"allow":["GET"]}}],"collection":[{"href":"https:\/\/regenebike.com\/en\/wp-json\/wp\/v2\/pages"}],"about":[{"href":"https:\/\/regenebike.com\/en\/wp-json\/wp\/v2\/types\/page"}],"author":[{"embeddable":true,"href":"https:\/\/regenebike.com\/en\/wp-json\/wp\/v2\/users\/1"}],"replies":[{"embeddable":true,"href":"https:\/\/regenebike.com\/en\/wp-json\/wp\/v2\/comments?post=19"}],"version-history":[{"count":14,"href":"https:\/\/regenebike.com\/en\/wp-json\/wp\/v2\/pages\/19\/revisions"}],"predecessor-version":[{"id":237,"href":"https:\/\/regenebike.com\/en\/wp-json\/wp\/v2\/pages\/19\/revisions\/237"}],"wp:attachment":[{"href":"https:\/\/regenebike.com\/en\/wp-json\/wp\/v2\/media?parent=19"}],"curies":[{"name":"wp","href":"https:\/\/api.w.org\/{rel}","templated":true}]}}