{"id":20,"date":"2025-09-17T06:09:59","date_gmt":"2025-09-17T06:09:59","guid":{"rendered":"https:\/\/regenebike.com\/galeria\/"},"modified":"2025-10-24T14:22:09","modified_gmt":"2025-10-24T14:22:09","slug":"galeria","status":"publish","type":"page","link":"https:\/\/regenebike.com\/en\/galeria\/","title":{"rendered":"Galer\u00eda | Fotos y Videos de Tours en Bici Regenerativos"},"content":{"rendered":"<div class=\"wp-block-group alignfull has-background-background-color has-background has-global-padding is-layout-constrained wp-container-core-group-is-layout-7276a2bb wp-block-group-is-layout-constrained\" id=\"galeria\" style=\"margin-top:0;margin-bottom:0;padding-top:var(--wp--preset--spacing--60);padding-right:var(--wp--preset--spacing--30);padding-bottom:var(--wp--preset--spacing--60);padding-left:var(--wp--preset--spacing--30)\">\n<div class=\"wp-block-group alignwide is-vertical is-layout-flex wp-container-core-group-is-layout-fe9cc265 wp-block-group-is-layout-flex\">\n<div class=\"wp-block-group has-global-padding is-layout-constrained wp-block-group-is-layout-constrained\">\n<h2 class=\"wp-block-heading has-large-font-size\">Moments that regenerate<\/h2>\n\n\n\n<p style=\"margin-top:16px\">Here you will find a unique selection of photographs that capture the harmony between cycling, nature and community.<\/p>\n<\/div>\n<\/div>\n\n\n\n<div class=\"wp-block-columns alignwide is-layout-flex wp-container-core-columns-is-layout-9a28e8a1 wp-block-columns-is-layout-flex\">\n<div class=\"wp-block-column is-layout-flow wp-container-core-column-is-layout-ef883af5 wp-block-column-is-layout-flow\">\n<figure data-wp-context=\"{&quot;imageId&quot;:&quot;69e308c1ea5ec&quot;}\" data-wp-interactive=\"core\/image\" class=\"wp-block-image size-large wp-lightbox-container\"><img loading=\"lazy\" decoding=\"async\" width=\"683\" height=\"1024\" data-wp-class--hide=\"state.isContentHidden\" data-wp-class--show=\"state.isContentVisible\" data-wp-init=\"callbacks.setButtonStyles\" data-wp-on-async--click=\"actions.showLightbox\" data-wp-on-async--load=\"callbacks.setButtonStyles\" data-wp-on-async-window--resize=\"callbacks.setButtonStyles\" sizes=\"auto, (max-width: min(42rem, 683px)) 100vw, min(42rem, 683px)\" src=\"https:\/\/regenebike.com\/wp-content\/uploads\/2025\/10\/image-14-683x1024.avif\" alt=\"\" class=\"wp-image-193\" style=\"aspect-ratio:1;object-fit:cover\" srcset=\"https:\/\/regenebike.com\/wp-content\/uploads\/2025\/10\/image-14-683x1024.avif 683w, https:\/\/regenebike.com\/wp-content\/uploads\/2025\/10\/image-14-200x300.avif 200w, https:\/\/regenebike.com\/wp-content\/uploads\/2025\/10\/image-14-768x1152.avif 768w, https:\/\/regenebike.com\/wp-content\/uploads\/2025\/10\/image-14-1024x1536.avif 1024w, https:\/\/regenebike.com\/wp-content\/uploads\/2025\/10\/image-14-8x12.avif 8w, https:\/\/regenebike.com\/wp-content\/uploads\/2025\/10\/image-14.avif 1280w\" \/><button\n\t\t\tclass=\"lightbox-trigger\"\n\t\t\ttype=\"button\"\n\t\t\taria-haspopup=\"dialog\"\n\t\t\taria-label=\"Enlarge\"\n\t\t\tdata-wp-init=\"callbacks.initTriggerButton\"\n\t\t\tdata-wp-on-async--click=\"actions.showLightbox\"\n\t\t\tdata-wp-style--right=\"state.imageButtonRight\"\n\t\t\tdata-wp-style--top=\"state.imageButtonTop\"\n\t\t>\n\t\t\t<svg xmlns=\"http:\/\/www.w3.org\/2000\/svg\" width=\"12\" height=\"12\" fill=\"none\" viewbox=\"0 0 12 12\">\n\t\t\t\t<path fill=\"#fff\" d=\"M2 0a2 2 0 0 0-2 2v2h1.5V2a.5.5 0 0 1 .5-.5h2V0H2Zm2 10.5H2a.5.5 0 0 1-.5-.5V8H0v2a2 2 0 0 0 2 2h2v-1.5ZM8 12v-1.5h2a.5.5 0 0 0 .5-.5V8H12v2a2 2 0 0 1-2 2H8Zm2-12a2 2 0 0 1 2 2v2h-1.5V2a.5.5 0 0 0-.5-.5H8V0h2Z\" \/>\n\t\t\t<\/svg>\n\t\t<\/button><\/figure>\n\n\n\n<figure data-wp-context=\"{&quot;imageId&quot;:&quot;69e308c1eab00&quot;}\" data-wp-interactive=\"core\/image\" class=\"wp-block-image wp-lightbox-container\"><img decoding=\"async\" data-wp-class--hide=\"state.isContentHidden\" data-wp-class--show=\"state.isContentVisible\" data-wp-init=\"callbacks.setButtonStyles\" data-wp-on-async--click=\"actions.showLightbox\" data-wp-on-async--load=\"callbacks.setButtonStyles\" data-wp-on-async-window--resize=\"callbacks.setButtonStyles\" sizes=\"(max-width: min(42rem, 1440px)) 100vw, min(42rem, 1440px)\" class=\"wp-image-238\" src=\"https:\/\/regenebike.com\/wp-content\/uploads\/2025\/10\/6b055d70de876403b5b38bea73f9d7944c97930d.jpg\" alt=\"\" style=\"aspect-ratio:1;object-fit:cover\"\/><button\n\t\t\tclass=\"lightbox-trigger\"\n\t\t\ttype=\"button\"\n\t\t\taria-haspopup=\"dialog\"\n\t\t\taria-label=\"Enlarge\"\n\t\t\tdata-wp-init=\"callbacks.initTriggerButton\"\n\t\t\tdata-wp-on-async--click=\"actions.showLightbox\"\n\t\t\tdata-wp-style--right=\"state.imageButtonRight\"\n\t\t\tdata-wp-style--top=\"state.imageButtonTop\"\n\t\t>\n\t\t\t<svg xmlns=\"http:\/\/www.w3.org\/2000\/svg\" width=\"12\" height=\"12\" fill=\"none\" viewbox=\"0 0 12 12\">\n\t\t\t\t<path fill=\"#fff\" d=\"M2 0a2 2 0 0 0-2 2v2h1.5V2a.5.5 0 0 1 .5-.5h2V0H2Zm2 10.5H2a.5.5 0 0 1-.5-.5V8H0v2a2 2 0 0 0 2 2h2v-1.5ZM8 12v-1.5h2a.5.5 0 0 0 .5-.5V8H12v2a2 2 0 0 1-2 2H8Zm2-12a2 2 0 0 1 2 2v2h-1.5V2a.5.5 0 0 0-.5-.5H8V0h2Z\" \/>\n\t\t\t<\/svg>\n\t\t<\/button><\/figure>\n<\/div>\n\n\n\n<div class=\"wp-block-column is-layout-flow wp-container-core-column-is-layout-1e95b777 wp-block-column-is-layout-flow\" style=\"padding-top:var(--wp--preset--spacing--40)\">\n<figure data-wp-context=\"{&quot;imageId&quot;:&quot;69e308c1eb0ef&quot;}\" data-wp-interactive=\"core\/image\" class=\"wp-block-image size-large wp-lightbox-container\"><img loading=\"lazy\" decoding=\"async\" width=\"665\" height=\"1024\" data-wp-class--hide=\"state.isContentHidden\" data-wp-class--show=\"state.isContentVisible\" data-wp-init=\"callbacks.setButtonStyles\" data-wp-on-async--click=\"actions.showLightbox\" data-wp-on-async--load=\"callbacks.setButtonStyles\" data-wp-on-async-window--resize=\"callbacks.setButtonStyles\" sizes=\"auto, (max-width: min(42rem, 665px)) 100vw, min(42rem, 665px)\" src=\"https:\/\/regenebike.com\/wp-content\/uploads\/2025\/10\/pexels-al_mare-scaled-e1760650593519-665x1024.avif\" alt=\"\" class=\"wp-image-136\" style=\"aspect-ratio:1;object-fit:cover\" srcset=\"https:\/\/regenebike.com\/wp-content\/uploads\/2025\/10\/pexels-al_mare-scaled-e1760650593519-665x1024.avif 665w, https:\/\/regenebike.com\/wp-content\/uploads\/2025\/10\/pexels-al_mare-scaled-e1760650593519-195x300.avif 195w, https:\/\/regenebike.com\/wp-content\/uploads\/2025\/10\/pexels-al_mare-scaled-e1760650593519-768x1183.avif 768w, https:\/\/regenebike.com\/wp-content\/uploads\/2025\/10\/pexels-al_mare-scaled-e1760650593519-997x1536.avif 997w, https:\/\/regenebike.com\/wp-content\/uploads\/2025\/10\/pexels-al_mare-scaled-e1760650593519-1330x2048.avif 1330w, https:\/\/regenebike.com\/wp-content\/uploads\/2025\/10\/pexels-al_mare-scaled-e1760650593519-8x12.avif 8w, https:\/\/regenebike.com\/wp-content\/uploads\/2025\/10\/pexels-al_mare-scaled-e1760650593519.avif 1540w\" \/><button\n\t\t\tclass=\"lightbox-trigger\"\n\t\t\ttype=\"button\"\n\t\t\taria-haspopup=\"dialog\"\n\t\t\taria-label=\"Enlarge\"\n\t\t\tdata-wp-init=\"callbacks.initTriggerButton\"\n\t\t\tdata-wp-on-async--click=\"actions.showLightbox\"\n\t\t\tdata-wp-style--right=\"state.imageButtonRight\"\n\t\t\tdata-wp-style--top=\"state.imageButtonTop\"\n\t\t>\n\t\t\t<svg xmlns=\"http:\/\/www.w3.org\/2000\/svg\" width=\"12\" height=\"12\" fill=\"none\" viewbox=\"0 0 12 12\">\n\t\t\t\t<path fill=\"#fff\" d=\"M2 0a2 2 0 0 0-2 2v2h1.5V2a.5.5 0 0 1 .5-.5h2V0H2Zm2 10.5H2a.5.5 0 0 1-.5-.5V8H0v2a2 2 0 0 0 2 2h2v-1.5ZM8 12v-1.5h2a.5.5 0 0 0 .5-.5V8H12v2a2 2 0 0 1-2 2H8Zm2-12a2 2 0 0 1 2 2v2h-1.5V2a.5.5 0 0 0-.5-.5H8V0h2Z\" \/>\n\t\t\t<\/svg>\n\t\t<\/button><\/figure>\n\n\n\n<figure data-wp-context=\"{&quot;imageId&quot;:&quot;69e308c1eb6ba&quot;}\" data-wp-interactive=\"core\/image\" class=\"wp-block-image size-large wp-lightbox-container\"><img loading=\"lazy\" decoding=\"async\" width=\"684\" height=\"1024\" data-wp-class--hide=\"state.isContentHidden\" data-wp-class--show=\"state.isContentVisible\" data-wp-init=\"callbacks.setButtonStyles\" data-wp-on-async--click=\"actions.showLightbox\" data-wp-on-async--load=\"callbacks.setButtonStyles\" data-wp-on-async-window--resize=\"callbacks.setButtonStyles\" sizes=\"auto, (max-width: min(42rem, 684px)) 100vw, min(42rem, 684px)\" src=\"https:\/\/regenebike.com\/wp-content\/uploads\/2025\/10\/image-12-684x1024.avif\" alt=\"\" class=\"wp-image-191\" style=\"aspect-ratio:1;object-fit:cover\" srcset=\"https:\/\/regenebike.com\/wp-content\/uploads\/2025\/10\/image-12-684x1024.avif 684w, https:\/\/regenebike.com\/wp-content\/uploads\/2025\/10\/image-12-200x300.avif 200w, https:\/\/regenebike.com\/wp-content\/uploads\/2025\/10\/image-12-768x1150.avif 768w, https:\/\/regenebike.com\/wp-content\/uploads\/2025\/10\/image-12-1026x1536.avif 1026w, https:\/\/regenebike.com\/wp-content\/uploads\/2025\/10\/image-12-8x12.avif 8w, https:\/\/regenebike.com\/wp-content\/uploads\/2025\/10\/image-12.avif 1280w\" \/><button\n\t\t\tclass=\"lightbox-trigger\"\n\t\t\ttype=\"button\"\n\t\t\taria-haspopup=\"dialog\"\n\t\t\taria-label=\"Enlarge\"\n\t\t\tdata-wp-init=\"callbacks.initTriggerButton\"\n\t\t\tdata-wp-on-async--click=\"actions.showLightbox\"\n\t\t\tdata-wp-style--right=\"state.imageButtonRight\"\n\t\t\tdata-wp-style--top=\"state.imageButtonTop\"\n\t\t>\n\t\t\t<svg xmlns=\"http:\/\/www.w3.org\/2000\/svg\" width=\"12\" height=\"12\" fill=\"none\" viewbox=\"0 0 12 12\">\n\t\t\t\t<path fill=\"#fff\" d=\"M2 0a2 2 0 0 0-2 2v2h1.5V2a.5.5 0 0 1 .5-.5h2V0H2Zm2 10.5H2a.5.5 0 0 1-.5-.5V8H0v2a2 2 0 0 0 2 2h2v-1.5ZM8 12v-1.5h2a.5.5 0 0 0 .5-.5V8H12v2a2 2 0 0 1-2 2H8Zm2-12a2 2 0 0 1 2 2v2h-1.5V2a.5.5 0 0 0-.5-.5H8V0h2Z\" \/>\n\t\t\t<\/svg>\n\t\t<\/button><\/figure>\n<\/div>\n\n\n\n<div class=\"wp-block-column is-layout-flow wp-container-core-column-is-layout-d584e304 wp-block-column-is-layout-flow\" style=\"padding-top:var(--wp--preset--spacing--60)\">\n<figure data-wp-context=\"{&quot;imageId&quot;:&quot;69e308c1ebcc3&quot;}\" data-wp-interactive=\"core\/image\" class=\"wp-block-image wp-lightbox-container\"><img decoding=\"async\" data-wp-class--hide=\"state.isContentHidden\" data-wp-class--show=\"state.isContentVisible\" data-wp-init=\"callbacks.setButtonStyles\" data-wp-on-async--click=\"actions.showLightbox\" data-wp-on-async--load=\"callbacks.setButtonStyles\" data-wp-on-async-window--resize=\"callbacks.setButtonStyles\" sizes=\"(max-width: min(42rem, 1080px)) 100vw, min(42rem, 1080px)\" class=\"wp-image-239\" src=\"https:\/\/regenebike.com\/wp-content\/uploads\/2025\/10\/c9661568af677e70ce05aa0fe661f7601480f933.jpg\" alt=\"\" style=\"aspect-ratio:1;object-fit:cover\"\/><button\n\t\t\tclass=\"lightbox-trigger\"\n\t\t\ttype=\"button\"\n\t\t\taria-haspopup=\"dialog\"\n\t\t\taria-label=\"Enlarge\"\n\t\t\tdata-wp-init=\"callbacks.initTriggerButton\"\n\t\t\tdata-wp-on-async--click=\"actions.showLightbox\"\n\t\t\tdata-wp-style--right=\"state.imageButtonRight\"\n\t\t\tdata-wp-style--top=\"state.imageButtonTop\"\n\t\t>\n\t\t\t<svg xmlns=\"http:\/\/www.w3.org\/2000\/svg\" width=\"12\" height=\"12\" fill=\"none\" viewbox=\"0 0 12 12\">\n\t\t\t\t<path fill=\"#fff\" d=\"M2 0a2 2 0 0 0-2 2v2h1.5V2a.5.5 0 0 1 .5-.5h2V0H2Zm2 10.5H2a.5.5 0 0 1-.5-.5V8H0v2a2 2 0 0 0 2 2h2v-1.5ZM8 12v-1.5h2a.5.5 0 0 0 .5-.5V8H12v2a2 2 0 0 1-2 2H8Zm2-12a2 2 0 0 1 2 2v2h-1.5V2a.5.5 0 0 0-.5-.5H8V0h2Z\" \/>\n\t\t\t<\/svg>\n\t\t<\/button><\/figure>\n\n\n\n<figure data-wp-context=\"{&quot;imageId&quot;:&quot;69e308c1ec33d&quot;}\" data-wp-interactive=\"core\/image\" class=\"wp-block-image size-large wp-lightbox-container\"><img loading=\"lazy\" decoding=\"async\" width=\"1024\" height=\"682\" data-wp-class--hide=\"state.isContentHidden\" data-wp-class--show=\"state.isContentVisible\" data-wp-init=\"callbacks.setButtonStyles\" data-wp-on-async--click=\"actions.showLightbox\" data-wp-on-async--load=\"callbacks.setButtonStyles\" data-wp-on-async-window--resize=\"callbacks.setButtonStyles\" sizes=\"auto, (max-width: min(42rem, 1024px)) 100vw, min(42rem, 1024px)\" src=\"https:\/\/regenebike.com\/wp-content\/uploads\/2025\/10\/image-13-1024x682.avif\" alt=\"\" class=\"wp-image-192\" style=\"aspect-ratio:1;object-fit:cover\" srcset=\"https:\/\/regenebike.com\/wp-content\/uploads\/2025\/10\/image-13-1024x682.avif 1024w, https:\/\/regenebike.com\/wp-content\/uploads\/2025\/10\/image-13-300x200.avif 300w, https:\/\/regenebike.com\/wp-content\/uploads\/2025\/10\/image-13-768x512.avif 768w, https:\/\/regenebike.com\/wp-content\/uploads\/2025\/10\/image-13-18x12.avif 18w, https:\/\/regenebike.com\/wp-content\/uploads\/2025\/10\/image-13.avif 1280w\" \/><button\n\t\t\tclass=\"lightbox-trigger\"\n\t\t\ttype=\"button\"\n\t\t\taria-haspopup=\"dialog\"\n\t\t\taria-label=\"Enlarge\"\n\t\t\tdata-wp-init=\"callbacks.initTriggerButton\"\n\t\t\tdata-wp-on-async--click=\"actions.showLightbox\"\n\t\t\tdata-wp-style--right=\"state.imageButtonRight\"\n\t\t\tdata-wp-style--top=\"state.imageButtonTop\"\n\t\t>\n\t\t\t<svg xmlns=\"http:\/\/www.w3.org\/2000\/svg\" width=\"12\" height=\"12\" fill=\"none\" viewbox=\"0 0 12 12\">\n\t\t\t\t<path fill=\"#fff\" d=\"M2 0a2 2 0 0 0-2 2v2h1.5V2a.5.5 0 0 1 .5-.5h2V0H2Zm2 10.5H2a.5.5 0 0 1-.5-.5V8H0v2a2 2 0 0 0 2 2h2v-1.5ZM8 12v-1.5h2a.5.5 0 0 0 .5-.5V8H12v2a2 2 0 0 1-2 2H8Zm2-12a2 2 0 0 1 2 2v2h-1.5V2a.5.5 0 0 0-.5-.5H8V0h2Z\" \/>\n\t\t\t<\/svg>\n\t\t<\/button><\/figure>\n<\/div>\n<\/div>\n<\/div>\n\n\n\n<div class=\"wp-block-group alignfull has-tertiary-background-color has-background has-global-padding is-layout-constrained wp-container-core-group-is-layout-7276a2bb wp-block-group-is-layout-constrained\" id=\"acerca-de\" style=\"margin-top:0;margin-bottom:0;padding-top:var(--wp--preset--spacing--60);padding-right:var(--wp--preset--spacing--30);padding-bottom:var(--wp--preset--spacing--60);padding-left:var(--wp--preset--spacing--30)\">\n<div class=\"wp-block-columns alignwide is-layout-flex wp-container-core-columns-is-layout-47c06fe3 wp-block-columns-is-layout-flex\">\n<div class=\"wp-block-column is-layout-flow wp-block-column-is-layout-flow\" style=\"flex-basis:50%\">\n<h2 class=\"wp-block-heading has-large-font-size\">Discover the city and the countryside by bicycle<\/h2>\n<\/div>\n\n\n\n<div class=\"wp-block-column is-layout-flow wp-container-core-column-is-layout-f5bb311e wp-block-column-is-layout-flow\" style=\"flex-basis:50%\">\n<p class=\"translation-block\">Explore how Regenebike connects people and nature to drive urban mobility that <strong>regenerates communities and environments<\/strong>.<\/p>\n\n\n\n<p class=\"translation-block\">We present our experiences and products that promote a sustainable and socially connected lifestyle, also adding value to regenerative tourism in Barcelona.<\/p>\n<\/div>\n<\/div>\n<\/div>\n\n\n\n<div class=\"wp-block-group alignfull has-background-background-color has-background has-global-padding is-layout-constrained wp-container-core-group-is-layout-fb85e995 wp-block-group-is-layout-constrained\" style=\"margin-top:0;margin-bottom:0;padding-top:var(--wp--preset--spacing--60);padding-right:var(--wp--preset--spacing--30);padding-bottom:var(--wp--preset--spacing--60);padding-left:var(--wp--preset--spacing--30)\">\n<div class=\"wp-block-columns alignwide is-layout-flex wp-container-core-columns-is-layout-28f84493 wp-block-columns-is-layout-flex\">\n<div class=\"wp-block-column is-vertically-aligned-stretch is-layout-flow wp-container-core-column-is-layout-8a368f38 wp-block-column-is-layout-flow\" style=\"flex-basis:40%\">\n<div class=\"wp-block-group alignwide has-global-padding is-content-justification-center is-layout-constrained wp-block-group-is-layout-constrained\">\n<h2 class=\"wp-block-heading has-large-font-size\">Inspiring moments that connect people and nature on two wheels.<\/h2>\n\n\n\n<p style=\"margin-top:16px\">Discover step by step how Regenebike is driving sustainable mobility that links urban and rural communities.<\/p>\n\n\n\n<div class=\"wp-block-buttons is-layout-flex wp-block-buttons-is-layout-flex\" style=\"margin-top:var(--wp--preset--spacing--40);margin-bottom:var(--wp--preset--spacing--50)\">\n<div class=\"wp-block-button is-style-fill\"><a class=\"wp-block-button__link wp-element-button\" href=\"#extendify-success-stories-cta\">View gallery<\/a><\/div>\n<\/div>\n<\/div>\n<\/div>\n\n\n\n<div class=\"wp-block-column is-layout-flow wp-block-column-is-layout-flow\">\n<div class=\"wp-block-media-text alignwide has-media-on-the-right is-stacked-on-mobile is-image-fill-element has-tertiary-background-color has-background\" style=\"grid-template-columns:auto 40%\"><div class=\"wp-block-media-text__content\">\n<div class=\"wp-block-group has-global-padding is-layout-constrained wp-block-group-is-layout-constrained\" style=\"padding-top:var(--wp--preset--spacing--40);padding-bottom:var(--wp--preset--spacing--40)\">\n<h3 class=\"wp-block-heading\" style=\"font-size:clamp(0.984rem, 0.984rem + ((1vw - 0.2rem) * 0.86), 1.5rem);\">A community transformed by cycling and sustainability.<\/h3>\n\n\n\n<p style=\"margin-top:16px\">This story shows how cycling and our initiatives regenerate neighbourhoods, fostering a stronger and greener social and economic fabric.<\/p>\n<\/div>\n<\/div><figure class=\"wp-block-media-text__media\"><img decoding=\"async\" src=\"https:\/\/regenebike.com\/wp-content\/uploads\/2025\/10\/pexels-ng_arbol-scaled-e1760652409174-1020x1024.avif\" alt=\"\" class=\"wp-image-141 size-full\" style=\"object-position:50% 50%\"\/><\/figure><\/div>\n\n\n\n<div class=\"wp-block-media-text alignwide has-media-on-the-right is-stacked-on-mobile is-image-fill-element has-tertiary-background-color has-background\" style=\"grid-template-columns:auto 40%\"><div class=\"wp-block-media-text__content\">\n<div class=\"wp-block-group has-global-padding is-layout-constrained wp-block-group-is-layout-constrained\" style=\"padding-top:var(--wp--preset--spacing--40);padding-bottom:var(--wp--preset--spacing--40)\">\n<h3 class=\"wp-block-heading\" style=\"font-size:clamp(0.984rem, 0.984rem + ((1vw - 0.2rem) * 0.86), 1.5rem);\">Generating positive impact with regenerative urban mobility.<\/h3>\n\n\n\n<p style=\"margin-top:16px\">Discover how our cycling experiences strengthen neighbourhoods and promote a sustainable link between city and countryside.<\/p>\n<\/div>\n<\/div><figure class=\"wp-block-media-text__media\"><img loading=\"lazy\" decoding=\"async\" width=\"1024\" height=\"419\" src=\"https:\/\/regenebike.com\/wp-content\/uploads\/2025\/10\/pexels-co_graffiti-scaled-e1760652888391-1024x419.avif\" alt=\"\" class=\"wp-image-144 size-full\" style=\"object-position:50% 50%\" srcset=\"https:\/\/regenebike.com\/wp-content\/uploads\/2025\/10\/pexels-co_graffiti-scaled-e1760652888391-1024x419.avif 1024w, https:\/\/regenebike.com\/wp-content\/uploads\/2025\/10\/pexels-co_graffiti-scaled-e1760652888391-300x123.avif 300w, https:\/\/regenebike.com\/wp-content\/uploads\/2025\/10\/pexels-co_graffiti-scaled-e1760652888391-768x314.avif 768w, https:\/\/regenebike.com\/wp-content\/uploads\/2025\/10\/pexels-co_graffiti-scaled-e1760652888391-1536x628.avif 1536w, https:\/\/regenebike.com\/wp-content\/uploads\/2025\/10\/pexels-co_graffiti-scaled-e1760652888391-2048x837.avif 2048w, https:\/\/regenebike.com\/wp-content\/uploads\/2025\/10\/pexels-co_graffiti-scaled-e1760652888391-18x7.avif 18w\" sizes=\"auto, (max-width: 1024px) 100vw, 1024px\" \/><\/figure><\/div>\n<\/div>\n<\/div>\n<\/div>","protected":false},"excerpt":{"rendered":"<p>Momentos que regeneran Aqu\u00ed encontrar\u00e1s una selecci\u00f3n \u00fanica de fotograf\u00edas que capturan la armon\u00eda entre bicicleta, naturaleza y comunidad. Descubre la ciudad y el campo pedaleando Explora c\u00f3mo Regenebike conecta personas y naturaleza para impulsar una movilidad urbana que regenera comunidades y entornos. Presentamos nuestras experiencias y productos que fomentan un estilo de vida sostenible [&hellip;]<\/p>\n","protected":false},"author":1,"featured_media":0,"parent":0,"menu_order":0,"comment_status":"closed","ping_status":"closed","template":"page-with-title","meta":{"footnotes":""},"class_list":["post-20","page","type-page","status-publish","hentry"],"aioseo_notices":[],"_links":{"self":[{"href":"https:\/\/regenebike.com\/en\/wp-json\/wp\/v2\/pages\/20","targetHints":{"allow":["GET"]}}],"collection":[{"href":"https:\/\/regenebike.com\/en\/wp-json\/wp\/v2\/pages"}],"about":[{"href":"https:\/\/regenebike.com\/en\/wp-json\/wp\/v2\/types\/page"}],"author":[{"embeddable":true,"href":"https:\/\/regenebike.com\/en\/wp-json\/wp\/v2\/users\/1"}],"replies":[{"embeddable":true,"href":"https:\/\/regenebike.com\/en\/wp-json\/wp\/v2\/comments?post=20"}],"version-history":[{"count":10,"href":"https:\/\/regenebike.com\/en\/wp-json\/wp\/v2\/pages\/20\/revisions"}],"predecessor-version":[{"id":240,"href":"https:\/\/regenebike.com\/en\/wp-json\/wp\/v2\/pages\/20\/revisions\/240"}],"wp:attachment":[{"href":"https:\/\/regenebike.com\/en\/wp-json\/wp\/v2\/media?parent=20"}],"curies":[{"name":"wp","href":"https:\/\/api.w.org\/{rel}","templated":true}]}}