{"id":21,"date":"2025-09-17T06:09:59","date_gmt":"2025-09-17T06:09:59","guid":{"rendered":"https:\/\/regenebike.com\/servicios\/"},"modified":"2025-11-24T17:57:56","modified_gmt":"2025-11-24T17:57:56","slug":"servicios","status":"publish","type":"page","link":"https:\/\/regenebike.com\/en\/servicios\/","title":{"rendered":"Services \u2013 Bicycles to regenerate the eco-social environment"},"content":{"rendered":"<div class=\"wp-block-group alignfull has-background-background-color has-background has-global-padding is-layout-constrained wp-container-core-group-is-layout-7276a2bb wp-block-group-is-layout-constrained\" id=\"servicios\" style=\"margin-top:0;margin-bottom:0;padding-top:var(--wp--preset--spacing--60);padding-right:var(--wp--preset--spacing--30);padding-bottom:var(--wp--preset--spacing--60);padding-left:var(--wp--preset--spacing--30)\">\n<div class=\"wp-block-group alignwide is-vertical is-layout-flex wp-container-core-group-is-layout-fe9cc265 wp-block-group-is-layout-flex\">\n<div class=\"wp-block-group has-global-padding is-layout-constrained wp-block-group-is-layout-constrained\">\n<h2 class=\"wp-block-heading has-large-font-size\">Cycle with your heart, regenerate your environment<\/h2>\n\n\n\n<p style=\"margin-top:16px\">Discover how our services connect people, nature  and city with every pedal stroke<\/p>\n<\/div>\n<\/div>\n\n\n\n<div class=\"wp-block-columns alignwide is-layout-flex wp-container-core-columns-is-layout-5b525043 wp-block-columns-is-layout-flex\">\n<div class=\"wp-block-column is-layout-flow wp-block-column-is-layout-flow\">\n<figure class=\"wp-block-image size-large ext-aspect-landscape\"><img loading=\"lazy\" decoding=\"async\" width=\"768\" height=\"1024\" sizes=\"auto, (max-width: min(42rem, 768px)) 100vw, min(42rem, 768px)\" src=\"https:\/\/regenebike.com\/wp-content\/uploads\/2025\/09\/image-768x1024.jpg\" alt=\"\" class=\"wp-image-70\" style=\"aspect-ratio:4\/3;object-fit:cover\" srcset=\"https:\/\/regenebike.com\/wp-content\/uploads\/2025\/09\/image-768x1024.jpg 768w, https:\/\/regenebike.com\/wp-content\/uploads\/2025\/09\/image-225x300.jpg 225w, https:\/\/regenebike.com\/wp-content\/uploads\/2025\/09\/image-9x12.jpg 9w, https:\/\/regenebike.com\/wp-content\/uploads\/2025\/09\/image.jpg 1080w\" \/><\/figure>\n\n\n\n<h3 class=\"wp-block-heading\" style=\"margin-top:24px;font-size:clamp(14px, 0.875rem + ((1vw - 3.2px) * 0.625), 20px);line-height:1.5\">Research for regeneration<\/h3>\n\n\n\n<p class=\"has-small-font-size\" style=\"margin-top:8px\">Research for regeneration focuses on designing and developing solutions that restore and improve ecosystems affected by human activity. <\/p>\n\n\n\n<p class=\"has-small-font-size\" style=\"margin-top:8px\"><\/p>\n\n\n\n<div class=\"wp-block-buttons is-content-justification-center is-layout-flex wp-container-core-buttons-is-layout-a89b3969 wp-block-buttons-is-layout-flex\">\n<div class=\"wp-block-button\"><a class=\"wp-block-button__link wp-element-button\">More information<\/a><\/div>\n<\/div>\n<\/div>\n\n\n\n<div class=\"wp-block-column is-layout-flow wp-block-column-is-layout-flow\">\n<figure class=\"wp-block-image size-large ext-aspect-landscape\"><img loading=\"lazy\" decoding=\"async\" width=\"815\" height=\"1024\" sizes=\"auto, (max-width: min(42rem, 815px)) 100vw, min(42rem, 815px)\" src=\"https:\/\/regenebike.com\/wp-content\/uploads\/2025\/10\/image-7-815x1024.avif\" alt=\"\" class=\"wp-image-181\" style=\"aspect-ratio:4\/3;object-fit:cover\" srcset=\"https:\/\/regenebike.com\/wp-content\/uploads\/2025\/10\/image-7-815x1024.avif 815w, https:\/\/regenebike.com\/wp-content\/uploads\/2025\/10\/image-7-239x300.avif 239w, https:\/\/regenebike.com\/wp-content\/uploads\/2025\/10\/image-7-768x965.avif 768w, https:\/\/regenebike.com\/wp-content\/uploads\/2025\/10\/image-7-1222x1536.avif 1222w, https:\/\/regenebike.com\/wp-content\/uploads\/2025\/10\/image-7-1630x2048.avif 1630w, https:\/\/regenebike.com\/wp-content\/uploads\/2025\/10\/image-7-10x12.avif 10w, https:\/\/regenebike.com\/wp-content\/uploads\/2025\/10\/image-7-scaled.avif 2037w\" \/><\/figure>\n\n\n\n<h3 class=\"wp-block-heading\" style=\"margin-top:24px;font-size:clamp(14px, 0.875rem + ((1vw - 3.2px) * 0.625), 20px);line-height:1.5\">Workshops and Guided Tours<\/h3>\n\n\n\n<p class=\"has-small-font-size\" style=\"margin-top:8px\">We help you explore the city and the countryside with new eyes, following routes that unite community and nature in a unique way.<\/p>\n\n\n\n<div class=\"wp-block-buttons is-content-justification-center is-layout-flex wp-container-core-buttons-is-layout-a89b3969 wp-block-buttons-is-layout-flex\">\n<div class=\"wp-block-button\"><a class=\"wp-block-button__link wp-element-button\" href=\"http:\/\/regenebike.com\/en\/servicios\/rutas-regenebike\/\">More information<\/a><\/div>\n<\/div>\n<\/div>\n\n\n\n<div class=\"wp-block-column is-layout-flow wp-block-column-is-layout-flow\">\n<figure class=\"wp-block-image size-large ext-aspect-landscape\"><img loading=\"lazy\" decoding=\"async\" width=\"768\" height=\"1024\" sizes=\"auto, (max-width: min(42rem, 768px)) 100vw, min(42rem, 768px)\" src=\"https:\/\/regenebike.com\/wp-content\/uploads\/2025\/10\/image-8-768x1024.avif\" alt=\"\" class=\"wp-image-182\" style=\"aspect-ratio:4\/3;object-fit:cover\" srcset=\"https:\/\/regenebike.com\/wp-content\/uploads\/2025\/10\/image-8-768x1024.avif 768w, https:\/\/regenebike.com\/wp-content\/uploads\/2025\/10\/image-8-225x300.avif 225w, https:\/\/regenebike.com\/wp-content\/uploads\/2025\/10\/image-8-1152x1536.avif 1152w, https:\/\/regenebike.com\/wp-content\/uploads\/2025\/10\/image-8-9x12.avif 9w, https:\/\/regenebike.com\/wp-content\/uploads\/2025\/10\/image-8.avif 1280w\" \/><\/figure>\n\n\n\n<h3 class=\"wp-block-heading\" style=\"margin-top:24px;font-size:clamp(14px, 0.875rem + ((1vw - 3.2px) * 0.625), 20px);line-height:1.5\">Electric Bicycle Rental<\/h3>\n\n\n\n<p class=\"has-small-font-size\" style=\"margin-top:8px\">We want to offer state-of-the-art electric bicycles for efficient and comfortable urban mobility.<\/p>\n\n\n\n<div class=\"wp-block-buttons is-content-justification-center is-layout-flex wp-container-core-buttons-is-layout-a89b3969 wp-block-buttons-is-layout-flex\">\n<div class=\"wp-block-button\"><a class=\"wp-block-button__link wp-element-button\">More information<\/a><\/div>\n<\/div>\n<\/div>\n\n\n\n<div class=\"wp-block-column is-layout-flow wp-block-column-is-layout-flow\">\n<figure class=\"wp-block-image size-full ext-aspect-landscape\"><img loading=\"lazy\" decoding=\"async\" width=\"960\" height=\"640\" sizes=\"auto, (max-width: min(42rem, 960px)) 100vw, min(42rem, 960px)\" src=\"https:\/\/regenebike.com\/wp-content\/uploads\/2025\/09\/2DBKEPM2OT.avif\" alt=\"Actividades regeneraci\u00f3n\" class=\"wp-image-171\" style=\"aspect-ratio:4\/3;object-fit:cover\" srcset=\"https:\/\/regenebike.com\/wp-content\/uploads\/2025\/09\/2DBKEPM2OT.avif 960w, https:\/\/regenebike.com\/wp-content\/uploads\/2025\/09\/2DBKEPM2OT-300x200.avif 300w, https:\/\/regenebike.com\/wp-content\/uploads\/2025\/09\/2DBKEPM2OT-768x512.avif 768w, https:\/\/regenebike.com\/wp-content\/uploads\/2025\/09\/2DBKEPM2OT-18x12.avif 18w\" \/><\/figure>\n\n\n\n<h3 class=\"wp-block-heading\" style=\"margin-top:24px;font-size:clamp(14px, 0.875rem + ((1vw - 3.2px) * 0.625), 20px);line-height:1.5\">Workshop and Maintenance<\/h3>\n\n\n\n<p class=\"has-small-font-size\" style=\"margin-top:8px\">We are in contact with trusted workshops for repairs and customised adjustments to keep your bike in top condition at all times.<\/p>\n\n\n\n<div class=\"wp-block-buttons is-content-justification-center is-layout-flex wp-container-core-buttons-is-layout-a89b3969 wp-block-buttons-is-layout-flex\">\n<div class=\"wp-block-button\"><a class=\"wp-block-button__link wp-element-button\">More information<\/a><\/div>\n<\/div>\n<\/div>\n<\/div>\n<\/div>\n\n\n\n<div class=\"wp-block-group alignfull has-tertiary-background-color has-background has-global-padding is-layout-constrained wp-container-core-group-is-layout-68d5e5bb wp-block-group-is-layout-constrained\" id=\"caracteristicas\" style=\"margin-top:0;margin-bottom:0;padding-top:var(--wp--preset--spacing--50);padding-right:var(--wp--preset--spacing--30);padding-bottom:var(--wp--preset--spacing--60);padding-left:var(--wp--preset--spacing--30)\">\n<div class=\"wp-block-group alignwide is-vertical is-layout-flex wp-container-core-group-is-layout-fe9cc265 wp-block-group-is-layout-flex\">\n<div class=\"wp-block-group has-global-padding is-layout-constrained wp-block-group-is-layout-constrained\">\n<h2 class=\"wp-block-heading has-large-font-size\">Sustainable connections between city and nature<\/h2>\n\n\n\n<p style=\"margin-top:16px\">Discover our proposals to promote regenerative mobility.<\/p>\n<\/div>\n<\/div>\n\n\n\n<div class=\"wp-block-columns alignwide is-layout-flex wp-container-core-columns-is-layout-87beb0d0 wp-block-columns-is-layout-flex\">\n<div class=\"wp-block-column has-background-background-color has-background is-layout-flow wp-block-column-is-layout-flow\" style=\"padding-top:1.5rem;padding-right:1.5rem;padding-bottom:1.5rem;padding-left:1.5rem\">\n<h3 class=\"wp-block-heading\" style=\"font-size:clamp(14px, 0.875rem + ((1vw - 3.2px) * 0.625), 20px);line-height:1.5\">Guided bicycle tours<\/h3>\n\n\n\n<p class=\"has-small-font-size\" style=\"margin-top:8px\">Explore urban and rural trails with expert guidance.<\/p>\n<\/div>\n\n\n\n<div class=\"wp-block-column has-background-background-color has-background is-layout-flow wp-block-column-is-layout-flow\" style=\"padding-top:1.5rem;padding-right:1.5rem;padding-bottom:1.5rem;padding-left:1.5rem\">\n<h3 class=\"wp-block-heading\" style=\"font-size:clamp(14px, 0.875rem + ((1vw - 3.2px) * 0.625), 20px);line-height:1.5\">Ecological bicycle rental<\/h3>\n\n\n\n<p class=\"has-small-font-size\" style=\"margin-top:8px\">We will soon have bicycles adapted for all types of routes.<\/p>\n<\/div>\n\n\n\n<div class=\"wp-block-column has-background-background-color has-background is-layout-flow wp-block-column-is-layout-flow\" style=\"padding-top:1.5rem;padding-right:1.5rem;padding-bottom:1.5rem;padding-left:1.5rem\">\n<h3 class=\"wp-block-heading\" style=\"font-size:clamp(14px, 0.875rem + ((1vw - 3.2px) * 0.625), 20px);line-height:1.5\">Maintenance and repair workshops<\/h3>\n\n\n\n<p class=\"has-small-font-size\" style=\"margin-top:8px\">In our partner workshops you can learn how to look after your bike with our practical courses.<\/p>\n<\/div>\n\n\n\n<div class=\"wp-block-column has-background-background-color has-background is-layout-flow wp-block-column-is-layout-flow\" style=\"padding-top:1.5rem;padding-right:1.5rem;padding-bottom:1.5rem;padding-left:1.5rem\">\n<h3 class=\"wp-block-heading\" style=\"font-size:clamp(14px, 0.875rem + ((1vw - 3.2px) * 0.625), 20px);line-height:1.5\">Community integration programmes<\/h3>\n\n\n\n<p class=\"has-small-font-size\" style=\"margin-top:8px\">With partner associations we promote social cohesion through cycling activities.<\/p>\n<\/div>\n<\/div>\n<\/div>\n\n\n\n<div class=\"wp-block-group alignfull has-background-background-color has-background has-global-padding is-layout-constrained wp-container-core-group-is-layout-fb85e995 wp-block-group-is-layout-constrained\" style=\"margin-top:0;margin-bottom:0;padding-top:var(--wp--preset--spacing--60);padding-right:var(--wp--preset--spacing--30);padding-bottom:var(--wp--preset--spacing--60);padding-left:var(--wp--preset--spacing--30)\">\n<h2 class=\"wp-block-heading has-text-align-center has-large-font-size\">Connecting neighbourhoods with bikes and nature<\/h2>\n\n\n\n<p class=\"has-text-align-center\" style=\"margin-top:16px\">Join Regenebike and transform your neighbourhood with mobility that cares for the environment and strengthens communities.<\/p>\n\n\n\n<div class=\"wp-block-buttons is-content-justification-center is-layout-flex wp-container-core-buttons-is-layout-720bcce9 wp-block-buttons-is-layout-flex\">\n<div class=\"wp-block-button\"><a class=\"wp-block-button__link wp-element-button\" href=\"#extendify-cta\">Find out how to<\/a><\/div>\n<\/div>\n<\/div>","protected":false},"excerpt":{"rendered":"<p>Pedalea con el coraz\u00f3n, regenera tu entorno Descubre c\u00f3mo nuestros servicios conectan personas, naturaleza y ciudad en cada pedalada Investigaci\u00f3n para la regeneraci\u00f3n La investigaci\u00f3n para la regeneraci\u00f3n se centra en dise\u00f1ar y desarrollar soluciones que restauran y mejoran los ecosistemas afectados por la actividad humana. Talleres y Rutas Guiadas Te ayudamos a explorar la [&hellip;]<\/p>\n","protected":false},"author":1,"featured_media":0,"parent":0,"menu_order":0,"comment_status":"closed","ping_status":"closed","template":"page-with-title","meta":{"footnotes":""},"class_list":["post-21","page","type-page","status-publish","hentry"],"aioseo_notices":[],"_links":{"self":[{"href":"https:\/\/regenebike.com\/en\/wp-json\/wp\/v2\/pages\/21","targetHints":{"allow":["GET"]}}],"collection":[{"href":"https:\/\/regenebike.com\/en\/wp-json\/wp\/v2\/pages"}],"about":[{"href":"https:\/\/regenebike.com\/en\/wp-json\/wp\/v2\/types\/page"}],"author":[{"embeddable":true,"href":"https:\/\/regenebike.com\/en\/wp-json\/wp\/v2\/users\/1"}],"replies":[{"embeddable":true,"href":"https:\/\/regenebike.com\/en\/wp-json\/wp\/v2\/comments?post=21"}],"version-history":[{"count":17,"href":"https:\/\/regenebike.com\/en\/wp-json\/wp\/v2\/pages\/21\/revisions"}],"predecessor-version":[{"id":340,"href":"https:\/\/regenebike.com\/en\/wp-json\/wp\/v2\/pages\/21\/revisions\/340"}],"wp:attachment":[{"href":"https:\/\/regenebike.com\/en\/wp-json\/wp\/v2\/media?parent=21"}],"curies":[{"name":"wp","href":"https:\/\/api.w.org\/{rel}","templated":true}]}}