{"id":24,"date":"2025-09-17T06:10:00","date_gmt":"2025-09-17T06:10:00","guid":{"rendered":"https:\/\/regenebike.com\/inicio\/"},"modified":"2026-03-26T20:18:29","modified_gmt":"2026-03-26T20:18:29","slug":"es","status":"publish","type":"page","link":"https:\/\/regenebike.com\/en\/","title":{"rendered":"Regenera pedaleando: rutas para reconectar con la naturaleza"},"content":{"rendered":"<div class=\"wp-block-group alignfull has-background-background-color has-background has-global-padding is-layout-constrained wp-container-core-group-is-layout-6fa30f3f wp-block-group-is-layout-constrained\" style=\"margin-top:0;margin-bottom:0;padding-top:0;padding-right:0;padding-bottom:0;padding-left:0\">\n<div class=\"wp-block-cover alignfull\" style=\"padding-right:var(--wp--preset--spacing--40);padding-left:var(--wp--preset--spacing--40);min-height:60vh;aspect-ratio:unset;\"><img decoding=\"async\" sizes=\"100vw\" class=\"wp-block-cover__image-background wp-image-245\" alt=\"\" src=\"https:\/\/regenebike.com\/wp-content\/uploads\/2025\/10\/48d5736a6aaf33850f69b9d23768ebf60cc82e6c.jpg\" data-object-fit=\"cover\"\/><span aria-hidden=\"true\" class=\"wp-block-cover__background has-black-background-color has-background-dim-60 has-background-dim\"><\/span><div class=\"wp-block-cover__inner-container is-layout-flow wp-block-cover-is-layout-flow\">\n<div class=\"wp-block-group has-global-padding is-layout-constrained wp-block-group-is-layout-constrained\" style=\"padding-top:var(--wp--preset--spacing--80);padding-bottom:var(--wp--preset--spacing--80)\">\n<h1 class=\"wp-block-heading alignwide has-text-align-center has-white-color has-text-color\" style=\"margin-top:12px\">Regenerative Tourism \u2013 Connecting People and Nature by Bicycle<\/h1>\n\n\n\n<h4 class=\"wp-block-heading has-text-align-center has-white-color has-text-color has-small-font-size\">Regenerating your environment with every pedal stroke<\/h4>\n\n\n\n<div class=\"wp-block-buttons is-content-justification-center is-layout-flex wp-container-core-buttons-is-layout-6e21085f wp-block-buttons-is-layout-flex\" style=\"margin-top:var(--wp--preset--spacing--40)\">\n<div class=\"wp-block-button\"><a class=\"wp-block-button__link has-text-color has-background has-link-color wp-element-button\" href=\"https:\/\/regenebike.com\/en\/contacto\/\" style=\"color:#111111;background-color:#fcfcfc\">Find out more<\/a><\/div>\n<\/div>\n<\/div>\n<\/div><\/div>\n<\/div>\n\n\n\n<div class=\"wp-block-group alignfull has-tertiary-background-color has-background has-global-padding is-layout-constrained wp-container-core-group-is-layout-7276a2bb wp-block-group-is-layout-constrained\" id=\"acerca-de\" style=\"margin-top:0;margin-bottom:0;padding-top:var(--wp--preset--spacing--60);padding-right:var(--wp--preset--spacing--30);padding-bottom:var(--wp--preset--spacing--60);padding-left:var(--wp--preset--spacing--30)\">\n<h2 class=\"wp-block-heading has-text-align-center has-large-font-size\">Discover the city and the countryside on two wheels<\/h2>\n\n\n\n<p class=\"has-text-align-center\" style=\"margin-top:16px\">Regenebike promotes regenerative mobility that connects people, nature, and community, healing spaces and creating unique urban and rural experiences.<\/p>\n<\/div>\n\n\n\n<div class=\"wp-block-group alignfull has-background-background-color has-background has-global-padding is-layout-constrained wp-container-core-group-is-layout-fb85e995 wp-block-group-is-layout-constrained\" style=\"margin-top:0;margin-bottom:0;padding-top:var(--wp--preset--spacing--60);padding-right:var(--wp--preset--spacing--30);padding-bottom:var(--wp--preset--spacing--60);padding-left:var(--wp--preset--spacing--30)\">\n<div class=\"wp-block-columns alignwide is-layout-flex wp-container-core-columns-is-layout-cbe57604 wp-block-columns-is-layout-flex\">\n<div class=\"wp-block-column is-layout-flow wp-block-column-is-layout-flow\">\n<div class=\"wp-block-group alignwide has-global-padding is-content-justification-left is-layout-constrained wp-container-core-group-is-layout-3c97d49d wp-block-group-is-layout-constrained\" style=\"margin-bottom:var(--wp--preset--spacing--50)\">\n<h2 class=\"wp-block-heading has-large-font-size\">Connect with the City and Nature with Every Pedal<\/h2>\n\n\n\n<p style=\"margin-top:16px\">Discover how Regenebike brings people, neighbourhoods and environments together to drive greener, socially regenerative urban mobility.<\/p>\n<\/div>\n\n\n\n<div class=\"wp-block-group is-nowrap is-layout-flex wp-container-core-group-is-layout-501511a6 wp-block-group-is-layout-flex\">\n<figure class=\"wp-block-image size-large ext-aspect-landscape wp-duotone-primary-foreground\"><img decoding=\"async\" src=\"data:image\/svg+xml;base64,PHN2ZyB4bWxucz0iaHR0cDovL3d3dy53My5vcmcvMjAwMC9zdmciIHdpZHRoPSI0OCIgaGVpZ2h0PSI0OCIgZmlsbD0ibm9uZSIgdmlld0JveD0iMCAwIDQ4IDQ4Ij48bWFzayBpZD0iYSIgd2lkdGg9IjQ4IiBoZWlnaHQ9IjQ4IiB4PSIwIiB5PSIwIiBtYXNrVW5pdHM9InVzZXJTcGFjZU9uVXNlIiBzdHlsZT0ibWFzay10eXBlOmFscGhhIj48cGF0aCBmaWxsPSIjRDlEOUQ5IiBkPSJNMCAwaDQ4djQ4SDB6Ii8+PC9tYXNrPjxnIG1hc2s9InVybCgjYSkiPjxwYXRoIGZpbGw9IiMxQzFCMUYiIGQ9Ik0yNCA0NGMtMi44MzMgMC01LjQ2Ny0uNTA4LTcuOS0xLjUyNS0yLjQzMy0xLjAxNy00LjU1LTIuNDI1LTYuMzUtNC4yMjUtMS44LTEuOC0zLjIwOC0zLjkxNy00LjIyNS02LjM1QzQuNTA4IDI5LjQ2NyA0IDI2LjgzMyA0IDI0YzAtMi44LjUwOC01LjQxNyAxLjUyNS03Ljg1UzcuOTUgMTEuNiA5Ljc1IDkuOGMxLjgtMS44IDMuOTE3LTMuMjE3IDYuMzUtNC4yNVMyMS4xNjcgNCAyNCA0YzIuNSAwIDQuODMzLjQgNyAxLjIgMi4xNjcuOCA0LjExNyAxLjkgNS44NSAzLjNsLTIuMTUgMi4xNWExNi43MzIgMTYuNzMyIDAgMCAwLTQuOS0yLjdDMjggNy4zMTcgMjYuMDY3IDcgMjQgN2MtNC44MzMgMC04Ljg3NSAxLjYyNS0xMi4xMjUgNC44NzVTNyAxOS4xNjcgNyAyNHMxLjYyNSA4Ljg3NSA0Ljg3NSAxMi4xMjVTMTkuMTY3IDQxIDI0IDQxczguODc1LTEuNjI1IDEyLjEyNS00Ljg3NVM0MSAyOC44MzMgNDEgMjRjMC0xLS4wNzUtMS45NzUtLjIyNS0yLjkyNS0uMTUtLjk1LS4zNzUtMS44NzUtLjY3NS0yLjc3NWwyLjMtMi4zYTE5LjEyMiAxOS4xMjIgMCAwIDEgMS4yIDMuODVjLjI2NyAxLjMzMy40IDIuNzE3LjQgNC4xNSAwIDIuODMzLS41MTcgNS40NjctMS41NSA3LjktMS4wMzMgMi40MzMtMi40NSA0LjU1LTQuMjUgNi4zNS0xLjggMS44LTMuOTE3IDMuMjA4LTYuMzUgNC4yMjVDMjkuNDE3IDQzLjQ5MiAyNi44IDQ0IDI0IDQ0Wm0tMi45NS0xMC45LTguMjUtOC4zIDIuMjUtMi4yNSA2IDYgMjAuNy0yMC43IDIuMyAyLjI1LTIzIDIzWiIvPjwvZz48L3N2Zz4=\" alt=\"\" style=\"object-fit:cover\"\/><\/figure>\n\n\n\n<div class=\"wp-block-group wp-container-content-958eb9dc has-global-padding is-layout-constrained wp-block-group-is-layout-constrained\">\n<h3 class=\"wp-block-heading\" style=\"font-size:clamp(14px, 0.875rem + ((1vw - 3.2px) * 0.625), 20px);line-height:1.5\">Mobility that Transforms Communities<\/h3>\n\n\n\n<p class=\"has-small-font-size\" style=\"margin-top:4px\">We promote cycling as a tool to revitalise the social and economic fabric, creating more lively and connected neighbourhoods.<\/p>\n<\/div>\n<\/div>\n\n\n\n<div class=\"wp-block-group is-nowrap is-layout-flex wp-container-core-group-is-layout-501511a6 wp-block-group-is-layout-flex\">\n<figure class=\"wp-block-image size-large ext-aspect-landscape wp-duotone-primary-foreground\"><img decoding=\"async\" src=\"data:image\/svg+xml;base64,PHN2ZyB4bWxucz0iaHR0cDovL3d3dy53My5vcmcvMjAwMC9zdmciIHdpZHRoPSI0OCIgaGVpZ2h0PSI0OCIgZmlsbD0ibm9uZSIgdmlld0JveD0iMCAwIDQ4IDQ4Ij48bWFzayBpZD0iYSIgd2lkdGg9IjQ4IiBoZWlnaHQ9IjQ4IiB4PSIwIiB5PSIwIiBtYXNrVW5pdHM9InVzZXJTcGFjZU9uVXNlIiBzdHlsZT0ibWFzay10eXBlOmFscGhhIj48cGF0aCBmaWxsPSIjRDlEOUQ5IiBkPSJNMCAwaDQ4djQ4SDB6Ii8+PC9tYXNrPjxnIG1hc2s9InVybCgjYSkiPjxwYXRoIGZpbGw9IiMxQzFCMUYiIGQ9Ik0yNCA0NGMtMi44MzMgMC01LjQ2Ny0uNTA4LTcuOS0xLjUyNS0yLjQzMy0xLjAxNy00LjU1LTIuNDI1LTYuMzUtNC4yMjUtMS44LTEuOC0zLjIwOC0zLjkxNy00LjIyNS02LjM1QzQuNTA4IDI5LjQ2NyA0IDI2LjgzMyA0IDI0YzAtMi44LjUwOC01LjQxNyAxLjUyNS03Ljg1UzcuOTUgMTEuNiA5Ljc1IDkuOGMxLjgtMS44IDMuOTE3LTMuMjE3IDYuMzUtNC4yNVMyMS4xNjcgNCAyNCA0YzIuNSAwIDQuODMzLjQgNyAxLjIgMi4xNjcuOCA0LjExNyAxLjkgNS44NSAzLjNsLTIuMTUgMi4xNWExNi43MzIgMTYuNzMyIDAgMCAwLTQuOS0yLjdDMjggNy4zMTcgMjYuMDY3IDcgMjQgN2MtNC44MzMgMC04Ljg3NSAxLjYyNS0xMi4xMjUgNC44NzVTNyAxOS4xNjcgNyAyNHMxLjYyNSA4Ljg3NSA0Ljg3NSAxMi4xMjVTMTkuMTY3IDQxIDI0IDQxczguODc1LTEuNjI1IDEyLjEyNS00Ljg3NVM0MSAyOC44MzMgNDEgMjRjMC0xLS4wNzUtMS45NzUtLjIyNS0yLjkyNS0uMTUtLjk1LS4zNzUtMS44NzUtLjY3NS0yLjc3NWwyLjMtMi4zYTE5LjEyMiAxOS4xMjIgMCAwIDEgMS4yIDMuODVjLjI2NyAxLjMzMy40IDIuNzE3LjQgNC4xNSAwIDIuODMzLS41MTcgNS40NjctMS41NSA3LjktMS4wMzMgMi40MzMtMi40NSA0LjU1LTQuMjUgNi4zNS0xLjggMS44LTMuOTE3IDMuMjA4LTYuMzUgNC4yMjVDMjkuNDE3IDQzLjQ5MiAyNi44IDQ0IDI0IDQ0Wm0tMi45NS0xMC45LTguMjUtOC4zIDIuMjUtMi4yNSA2IDYgMjAuNy0yMC43IDIuMyAyLjI1LTIzIDIzWiIvPjwvZz48L3N2Zz4=\" alt=\"\" style=\"object-fit:cover\"\/><\/figure>\n\n\n\n<div class=\"wp-block-group wp-container-content-958eb9dc has-global-padding is-layout-constrained wp-block-group-is-layout-constrained\">\n<h3 class=\"wp-block-heading\" style=\"font-size:clamp(14px, 0.875rem + ((1vw - 3.2px) * 0.625), 20px);line-height:1.5\">Bike tours in Barcelona<\/h3>\n\n\n\n<p class=\"has-small-font-size\" style=\"margin-top:4px\">We offer routes and activities that link urban and rural areas, promoting an authentic link with nature.<\/p>\n<\/div>\n<\/div>\n\n\n\n<div class=\"wp-block-group is-nowrap is-layout-flex wp-container-core-group-is-layout-501511a6 wp-block-group-is-layout-flex\">\n<figure class=\"wp-block-image size-large ext-aspect-landscape wp-duotone-primary-foreground\"><img decoding=\"async\" src=\"data:image\/svg+xml;base64,PHN2ZyB4bWxucz0iaHR0cDovL3d3dy53My5vcmcvMjAwMC9zdmciIHdpZHRoPSI0OCIgaGVpZ2h0PSI0OCIgZmlsbD0ibm9uZSIgdmlld0JveD0iMCAwIDQ4IDQ4Ij48bWFzayBpZD0iYSIgd2lkdGg9IjQ4IiBoZWlnaHQ9IjQ4IiB4PSIwIiB5PSIwIiBtYXNrVW5pdHM9InVzZXJTcGFjZU9uVXNlIiBzdHlsZT0ibWFzay10eXBlOmFscGhhIj48cGF0aCBmaWxsPSIjRDlEOUQ5IiBkPSJNMCAwaDQ4djQ4SDB6Ii8+PC9tYXNrPjxnIG1hc2s9InVybCgjYSkiPjxwYXRoIGZpbGw9IiMxQzFCMUYiIGQ9Ik0yNCA0NGMtMi44MzMgMC01LjQ2Ny0uNTA4LTcuOS0xLjUyNS0yLjQzMy0xLjAxNy00LjU1LTIuNDI1LTYuMzUtNC4yMjUtMS44LTEuOC0zLjIwOC0zLjkxNy00LjIyNS02LjM1QzQuNTA4IDI5LjQ2NyA0IDI2LjgzMyA0IDI0YzAtMi44LjUwOC01LjQxNyAxLjUyNS03Ljg1UzcuOTUgMTEuNiA5Ljc1IDkuOGMxLjgtMS44IDMuOTE3LTMuMjE3IDYuMzUtNC4yNVMyMS4xNjcgNCAyNCA0YzIuNSAwIDQuODMzLjQgNyAxLjIgMi4xNjcuOCA0LjExNyAxLjkgNS44NSAzLjNsLTIuMTUgMi4xNWExNi43MzIgMTYuNzMyIDAgMCAwLTQuOS0yLjdDMjggNy4zMTcgMjYuMDY3IDcgMjQgN2MtNC44MzMgMC04Ljg3NSAxLjYyNS0xMi4xMjUgNC44NzVTNyAxOS4xNjcgNyAyNHMxLjYyNSA4Ljg3NSA0Ljg3NSAxMi4xMjVTMTkuMTY3IDQxIDI0IDQxczguODc1LTEuNjI1IDEyLjEyNS00Ljg3NVM0MSAyOC44MzMgNDEgMjRjMC0xLS4wNzUtMS45NzUtLjIyNS0yLjkyNS0uMTUtLjk1LS4zNzUtMS44NzUtLjY3NS0yLjc3NWwyLjMtMi4zYTE5LjEyMiAxOS4xMjIgMCAwIDEgMS4yIDMuODVjLjI2NyAxLjMzMy40IDIuNzE3LjQgNC4xNSAwIDIuODMzLS41MTcgNS40NjctMS41NSA3LjktMS4wMzMgMi40MzMtMi40NSA0LjU1LTQuMjUgNi4zNS0xLjggMS44LTMuOTE3IDMuMjA4LTYuMzUgNC4yMjVDMjkuNDE3IDQzLjQ5MiAyNi44IDQ0IDI0IDQ0Wm0tMi45NS0xMC45LTguMjUtOC4zIDIuMjUtMi4yNSA2IDYgMjAuNy0yMC43IDIuMyAyLjI1LTIzIDIzWiIvPjwvZz48L3N2Zz4=\" alt=\"\" style=\"object-fit:cover\"\/><\/figure>\n\n\n\n<div class=\"wp-block-group wp-container-content-958eb9dc has-global-padding is-layout-constrained wp-block-group-is-layout-constrained\">\n<h3 class=\"wp-block-heading\" style=\"font-size:clamp(14px, 0.875rem + ((1vw - 3.2px) * 0.625), 20px);line-height:1.5\">Bike tours with a positive environmental impact in Barcelona<\/h3>\n\n\n\n<p class=\"has-small-font-size\" style=\"margin-top:4px\">We provide products and services that facilitate conscious, responsible, accessible, and environmentally-restorative mobility.<\/p>\n<\/div>\n<\/div>\n\n\n\n<div class=\"wp-block-buttons is-content-justification-left is-layout-flex wp-container-core-buttons-is-layout-e71dbd94 wp-block-buttons-is-layout-flex\" style=\"margin-top:var(--wp--preset--spacing--50)\">\n<div class=\"wp-block-button has-custom-width wp-block-button__width-100\"><a class=\"wp-block-button__link wp-element-button\" href=\"https:\/\/regenebike.com\/en\/contacto\/\">Find out more<\/a><\/div>\n<\/div>\n<\/div>\n\n\n\n<div class=\"wp-block-column is-layout-flow wp-block-column-is-layout-flow\">\n<div class=\"wp-block-cover is-light\" style=\"min-height:542px;aspect-ratio:unset;\"><img loading=\"lazy\" decoding=\"async\" width=\"1024\" height=\"664\" sizes=\"auto, (max-width: min(42rem, 1024px)) 100vw, min(42rem, 1024px)\" class=\"wp-block-cover__image-background wp-image-159 size-large\" alt=\"Barcelona bike rentals\" src=\"https:\/\/regenebike.com\/wp-content\/uploads\/2025\/10\/pexels-je_biketonatureRec-1024x664.avif\" data-object-fit=\"cover\" srcset=\"https:\/\/regenebike.com\/wp-content\/uploads\/2025\/10\/pexels-je_biketonatureRec-1024x664.avif 1024w, https:\/\/regenebike.com\/wp-content\/uploads\/2025\/10\/pexels-je_biketonatureRec-300x194.avif 300w, https:\/\/regenebike.com\/wp-content\/uploads\/2025\/10\/pexels-je_biketonatureRec-768x498.avif 768w, https:\/\/regenebike.com\/wp-content\/uploads\/2025\/10\/pexels-je_biketonatureRec-1536x995.avif 1536w, https:\/\/regenebike.com\/wp-content\/uploads\/2025\/10\/pexels-je_biketonatureRec-2048x1327.avif 2048w, https:\/\/regenebike.com\/wp-content\/uploads\/2025\/10\/pexels-je_biketonatureRec-18x12.avif 18w\" \/><span aria-hidden=\"true\" class=\"wp-block-cover__background has-background-dim-0 has-background-dim\" style=\"background-color:#a19b7b\"><\/span><div class=\"wp-block-cover__inner-container is-layout-flow wp-block-cover-is-layout-flow\">\n<div style=\"height:380px\" aria-hidden=\"true\" class=\"wp-block-spacer\"><\/div>\n<\/div><\/div>\n<\/div>\n<\/div>\n<\/div>\n\n\n\n<div class=\"wp-block-group alignfull has-tertiary-background-color has-background has-global-padding is-layout-constrained wp-container-core-group-is-layout-fb85e995 wp-block-group-is-layout-constrained\" id=\"caracteristicas\" style=\"margin-top:0;margin-bottom:0;padding-top:var(--wp--preset--spacing--60);padding-right:var(--wp--preset--spacing--30);padding-bottom:var(--wp--preset--spacing--60);padding-left:var(--wp--preset--spacing--30)\">\n<div class=\"wp-block-columns alignwide is-layout-flex wp-container-core-columns-is-layout-08c01c1c wp-block-columns-is-layout-flex\">\n<div class=\"wp-block-column is-layout-flow wp-block-column-is-layout-flow\" style=\"flex-basis:50%\">\n<div class=\"wp-block-cover\" style=\"min-height:100%;aspect-ratio:unset;\"><img decoding=\"async\" sizes=\"(max-width: min(42rem, 1440px)) 100vw, min(42rem, 1440px)\" class=\"wp-block-cover__image-background wp-image-238\" alt=\"\" src=\"https:\/\/regenebike.com\/wp-content\/uploads\/2025\/10\/6b055d70de876403b5b38bea73f9d7944c97930d.jpg\" data-object-fit=\"cover\"\/><span aria-hidden=\"true\" class=\"wp-block-cover__background has-background-dim-0 has-background-dim\"><\/span><div class=\"wp-block-cover__inner-container is-layout-flow wp-block-cover-is-layout-flow\">\n<div style=\"height:380px\" aria-hidden=\"true\" class=\"wp-block-spacer\"><\/div>\n<\/div><\/div>\n<\/div>\n\n\n\n<div class=\"wp-block-column is-layout-flow wp-block-column-is-layout-flow\" style=\"padding-top:var(--wp--preset--spacing--40);padding-bottom:var(--wp--preset--spacing--40);flex-basis:50%\">\n<div class=\"wp-block-group alignwide has-global-padding is-content-justification-left is-layout-constrained wp-container-core-group-is-layout-9bb5df40 wp-block-group-is-layout-constrained\" style=\"margin-bottom:var(--wp--preset--spacing--40)\">\n<h2 class=\"wp-block-heading has-large-font-size\">Add your bike to the regenerative seed<\/h2>\n\n\n\n<p style=\"margin-top:16px\">This section briefly describes why we believe that bicycles are a tool for cultural, social, ecological, and economic regeneration.<br><\/p>\n<\/div>\n\n\n\n<div class=\"wp-block-group is-nowrap is-layout-flex wp-container-core-group-is-layout-501511a6 wp-block-group-is-layout-flex\">\n<figure class=\"wp-block-image size-large ext-aspect-landscape wp-duotone-primary-foreground\"><img decoding=\"async\" src=\"data:image\/svg+xml;base64,PHN2ZyB4bWxucz0iaHR0cDovL3d3dy53My5vcmcvMjAwMC9zdmciIHdpZHRoPSI0OCIgaGVpZ2h0PSI0OCIgZmlsbD0ibm9uZSIgdmlld0JveD0iMCAwIDQ4IDQ4Ij48bWFzayBpZD0iYSIgd2lkdGg9IjQ4IiBoZWlnaHQ9IjQ4IiB4PSIwIiB5PSIwIiBtYXNrVW5pdHM9InVzZXJTcGFjZU9uVXNlIiBzdHlsZT0ibWFzay10eXBlOmFscGhhIj48cGF0aCBmaWxsPSIjRDlEOUQ5IiBkPSJNMCAwaDQ4djQ4SDB6Ii8+PC9tYXNrPjxnIG1hc2s9InVybCgjYSkiPjxwYXRoIGZpbGw9IiMxQzFCMUYiIGQ9Ik0yNCA0NGMtMi44MzMgMC01LjQ2Ny0uNTA4LTcuOS0xLjUyNS0yLjQzMy0xLjAxNy00LjU1LTIuNDI1LTYuMzUtNC4yMjUtMS44LTEuOC0zLjIwOC0zLjkxNy00LjIyNS02LjM1QzQuNTA4IDI5LjQ2NyA0IDI2LjgzMyA0IDI0YzAtMi44LjUwOC01LjQxNyAxLjUyNS03Ljg1UzcuOTUgMTEuNiA5Ljc1IDkuOGMxLjgtMS44IDMuOTE3LTMuMjE3IDYuMzUtNC4yNVMyMS4xNjcgNCAyNCA0YzIuNSAwIDQuODMzLjQgNyAxLjIgMi4xNjcuOCA0LjExNyAxLjkgNS44NSAzLjNsLTIuMTUgMi4xNWExNi43MzIgMTYuNzMyIDAgMCAwLTQuOS0yLjdDMjggNy4zMTcgMjYuMDY3IDcgMjQgN2MtNC44MzMgMC04Ljg3NSAxLjYyNS0xMi4xMjUgNC44NzVTNyAxOS4xNjcgNyAyNHMxLjYyNSA4Ljg3NSA0Ljg3NSAxMi4xMjVTMTkuMTY3IDQxIDI0IDQxczguODc1LTEuNjI1IDEyLjEyNS00Ljg3NVM0MSAyOC44MzMgNDEgMjRjMC0xLS4wNzUtMS45NzUtLjIyNS0yLjkyNS0uMTUtLjk1LS4zNzUtMS44NzUtLjY3NS0yLjc3NWwyLjMtMi4zYTE5LjEyMiAxOS4xMjIgMCAwIDEgMS4yIDMuODVjLjI2NyAxLjMzMy40IDIuNzE3LjQgNC4xNSAwIDIuODMzLS41MTcgNS40NjctMS41NSA3LjktMS4wMzMgMi40MzMtMi40NSA0LjU1LTQuMjUgNi4zNS0xLjggMS44LTMuOTE3IDMuMjA4LTYuMzUgNC4yMjVDMjkuNDE3IDQzLjQ5MiAyNi44IDQ0IDI0IDQ0Wm0tMi45NS0xMC45LTguMjUtOC4zIDIuMjUtMi4yNSA2IDYgMjAuNy0yMC43IDIuMyAyLjI1LTIzIDIzWiIvPjwvZz48L3N2Zz4=\" alt=\"\" style=\"object-fit:cover\"\/><\/figure>\n\n\n\n<div class=\"wp-block-group wp-container-content-958eb9dc has-global-padding is-layout-constrained wp-block-group-is-layout-constrained\">\n<h3 class=\"wp-block-heading\" style=\"font-size:clamp(14px, 0.875rem + ((1vw - 3.2px) * 0.625), 20px);line-height:1.5\">Small Groups and Conscious Mobility<\/h3>\n\n\n\n<p class=\"has-small-font-size\" style=\"margin-top:4px\">Cycling is healing, which is why we promote its use. Our proposal is to better understand the space in which we move and the potential that is activated when we travel. We look at our surroundings with new eyes, reconnecting with them.<\/p>\n<\/div>\n<\/div>\n\n\n\n<div class=\"wp-block-group is-nowrap is-layout-flex wp-container-core-group-is-layout-501511a6 wp-block-group-is-layout-flex\">\n<figure class=\"wp-block-image size-large ext-aspect-landscape wp-duotone-primary-foreground\"><img decoding=\"async\" src=\"data:image\/svg+xml;base64,PHN2ZyB4bWxucz0iaHR0cDovL3d3dy53My5vcmcvMjAwMC9zdmciIHdpZHRoPSI0OCIgaGVpZ2h0PSI0OCIgZmlsbD0ibm9uZSIgdmlld0JveD0iMCAwIDQ4IDQ4Ij48bWFzayBpZD0iYSIgd2lkdGg9IjQ4IiBoZWlnaHQ9IjQ4IiB4PSIwIiB5PSIwIiBtYXNrVW5pdHM9InVzZXJTcGFjZU9uVXNlIiBzdHlsZT0ibWFzay10eXBlOmFscGhhIj48cGF0aCBmaWxsPSIjRDlEOUQ5IiBkPSJNMCAwaDQ4djQ4SDB6Ii8+PC9tYXNrPjxnIG1hc2s9InVybCgjYSkiPjxwYXRoIGZpbGw9IiMxQzFCMUYiIGQ9Ik0yNCA0NGMtMi44MzMgMC01LjQ2Ny0uNTA4LTcuOS0xLjUyNS0yLjQzMy0xLjAxNy00LjU1LTIuNDI1LTYuMzUtNC4yMjUtMS44LTEuOC0zLjIwOC0zLjkxNy00LjIyNS02LjM1QzQuNTA4IDI5LjQ2NyA0IDI2LjgzMyA0IDI0YzAtMi44LjUwOC01LjQxNyAxLjUyNS03Ljg1UzcuOTUgMTEuNiA5Ljc1IDkuOGMxLjgtMS44IDMuOTE3LTMuMjE3IDYuMzUtNC4yNVMyMS4xNjcgNCAyNCA0YzIuNSAwIDQuODMzLjQgNyAxLjIgMi4xNjcuOCA0LjExNyAxLjkgNS44NSAzLjNsLTIuMTUgMi4xNWExNi43MzIgMTYuNzMyIDAgMCAwLTQuOS0yLjdDMjggNy4zMTcgMjYuMDY3IDcgMjQgN2MtNC44MzMgMC04Ljg3NSAxLjYyNS0xMi4xMjUgNC44NzVTNyAxOS4xNjcgNyAyNHMxLjYyNSA4Ljg3NSA0Ljg3NSAxMi4xMjVTMTkuMTY3IDQxIDI0IDQxczguODc1LTEuNjI1IDEyLjEyNS00Ljg3NVM0MSAyOC44MzMgNDEgMjRjMC0xLS4wNzUtMS45NzUtLjIyNS0yLjkyNS0uMTUtLjk1LS4zNzUtMS44NzUtLjY3NS0yLjc3NWwyLjMtMi4zYTE5LjEyMiAxOS4xMjIgMCAwIDEgMS4yIDMuODVjLjI2NyAxLjMzMy40IDIuNzE3LjQgNC4xNSAwIDIuODMzLS41MTcgNS40NjctMS41NSA3LjktMS4wMzMgMi40MzMtMi40NSA0LjU1LTQuMjUgNi4zNS0xLjggMS44LTMuOTE3IDMuMjA4LTYuMzUgNC4yMjVDMjkuNDE3IDQzLjQ5MiAyNi44IDQ0IDI0IDQ0Wm0tMi45NS0xMC45LTguMjUtOC4zIDIuMjUtMi4yNSA2IDYgMjAuNy0yMC43IDIuMyAyLjI1LTIzIDIzWiIvPjwvZz48L3N2Zz4=\" alt=\"\" style=\"object-fit:cover\"\/><\/figure>\n\n\n\n<div class=\"wp-block-group wp-container-content-958eb9dc has-global-padding is-layout-constrained wp-block-group-is-layout-constrained\">\n<h3 class=\"wp-block-heading\" style=\"font-size:clamp(14px, 0.875rem + ((1vw - 3.2px) * 0.625), 20px);line-height:1.5\">Regenerative bicycle tourism in Catalonia<\/h3>\n\n\n\n<p class=\"has-small-font-size\" style=\"margin-top:4px\">Experience routes that integrate the potential of each person with that of the territory, experiences that connect nature and the city in a meaningful way.<\/p>\n<\/div>\n<\/div>\n\n\n\n<div class=\"wp-block-group is-nowrap is-layout-flex wp-container-core-group-is-layout-501511a6 wp-block-group-is-layout-flex\">\n<figure class=\"wp-block-image size-large ext-aspect-landscape wp-duotone-primary-foreground\"><img decoding=\"async\" src=\"data:image\/svg+xml;base64,PHN2ZyB4bWxucz0iaHR0cDovL3d3dy53My5vcmcvMjAwMC9zdmciIHdpZHRoPSI0OCIgaGVpZ2h0PSI0OCIgZmlsbD0ibm9uZSIgdmlld0JveD0iMCAwIDQ4IDQ4Ij48bWFzayBpZD0iYSIgd2lkdGg9IjQ4IiBoZWlnaHQ9IjQ4IiB4PSIwIiB5PSIwIiBtYXNrVW5pdHM9InVzZXJTcGFjZU9uVXNlIiBzdHlsZT0ibWFzay10eXBlOmFscGhhIj48cGF0aCBmaWxsPSIjRDlEOUQ5IiBkPSJNMCAwaDQ4djQ4SDB6Ii8+PC9tYXNrPjxnIG1hc2s9InVybCgjYSkiPjxwYXRoIGZpbGw9IiMxQzFCMUYiIGQ9Ik0yNCA0NGMtMi44MzMgMC01LjQ2Ny0uNTA4LTcuOS0xLjUyNS0yLjQzMy0xLjAxNy00LjU1LTIuNDI1LTYuMzUtNC4yMjUtMS44LTEuOC0zLjIwOC0zLjkxNy00LjIyNS02LjM1QzQuNTA4IDI5LjQ2NyA0IDI2LjgzMyA0IDI0YzAtMi44LjUwOC01LjQxNyAxLjUyNS03Ljg1UzcuOTUgMTEuNiA5Ljc1IDkuOGMxLjgtMS44IDMuOTE3LTMuMjE3IDYuMzUtNC4yNVMyMS4xNjcgNCAyNCA0YzIuNSAwIDQuODMzLjQgNyAxLjIgMi4xNjcuOCA0LjExNyAxLjkgNS44NSAzLjNsLTIuMTUgMi4xNWExNi43MzIgMTYuNzMyIDAgMCAwLTQuOS0yLjdDMjggNy4zMTcgMjYuMDY3IDcgMjQgN2MtNC44MzMgMC04Ljg3NSAxLjYyNS0xMi4xMjUgNC44NzVTNyAxOS4xNjcgNyAyNHMxLjYyNSA4Ljg3NSA0Ljg3NSAxMi4xMjVTMTkuMTY3IDQxIDI0IDQxczguODc1LTEuNjI1IDEyLjEyNS00Ljg3NVM0MSAyOC44MzMgNDEgMjRjMC0xLS4wNzUtMS45NzUtLjIyNS0yLjkyNS0uMTUtLjk1LS4zNzUtMS44NzUtLjY3NS0yLjc3NWwyLjMtMi4zYTE5LjEyMiAxOS4xMjIgMCAwIDEgMS4yIDMuODVjLjI2NyAxLjMzMy40IDIuNzE3LjQgNC4xNSAwIDIuODMzLS41MTcgNS40NjctMS41NSA3LjktMS4wMzMgMi40MzMtMi40NSA0LjU1LTQuMjUgNi4zNS0xLjggMS44LTMuOTE3IDMuMjA4LTYuMzUgNC4yMjVDMjkuNDE3IDQzLjQ5MiAyNi44IDQ0IDI0IDQ0Wm0tMi45NS0xMC45LTguMjUtOC4zIDIuMjUtMi4yNSA2IDYgMjAuNy0yMC43IDIuMyAyLjI1LTIzIDIzWiIvPjwvZz48L3N2Zz4=\" alt=\"\" style=\"object-fit:cover\"\/><\/figure>\n\n\n\n<div class=\"wp-block-group wp-container-content-958eb9dc has-global-padding is-layout-constrained wp-block-group-is-layout-constrained\">\n<h3 class=\"wp-block-heading\" style=\"font-size:clamp(14px, 0.875rem + ((1vw - 3.2px) * 0.625), 20px);line-height:1.5\">Bike tours with a positive environmental impact<\/h3>\n\n\n\n<p class=\"has-small-font-size\" style=\"margin-top:4px\">We measure what we regenerate through economic, social, cultural, and environmental indicators. With this, we propose well-founded improvements to these spaces through our routes.<\/p>\n<\/div>\n<\/div>\n<\/div>\n<\/div>\n<\/div>\n\n\n\n<div class=\"wp-block-group alignfull has-background-background-color has-background has-global-padding is-layout-constrained wp-container-core-group-is-layout-fb85e995 wp-block-group-is-layout-constrained\" id=\"testimonios\" style=\"margin-top:0;margin-bottom:0;padding-top:var(--wp--preset--spacing--60);padding-right:var(--wp--preset--spacing--30);padding-bottom:var(--wp--preset--spacing--60);padding-left:var(--wp--preset--spacing--30)\">\n<div class=\"wp-block-columns alignwide are-vertically-aligned-center is-layout-flex wp-container-core-columns-is-layout-08c01c1c wp-block-columns-is-layout-flex\">\n<div class=\"wp-block-column is-vertically-aligned-center is-layout-flow wp-block-column-is-layout-flow\" style=\"flex-basis:25%\">\n<div class=\"wp-block-group is-nowrap is-layout-flex wp-container-core-group-is-layout-3b4e9d3e wp-block-group-is-layout-flex\">\n<figure class=\"wp-block-image aligncenter size-full is-style-rounded\"><img loading=\"lazy\" decoding=\"async\" width=\"82\" height=\"110\" sizes=\"auto, (max-width: min(42rem, 82px)) 100vw, min(42rem, 82px)\" src=\"https:\/\/regenebike.com\/wp-content\/uploads\/2025\/09\/Foto_CV_TN.jpg\" alt=\"\" class=\"wp-image-40\" style=\"aspect-ratio:1;object-fit:cover\"\/><\/figure>\n\n\n\n<div class=\"wp-block-group has-global-padding is-layout-constrained wp-block-group-is-layout-constrained\">\n<h4 class=\"wp-block-heading\" style=\"margin-top:18px;font-size:clamp(14px, 0.875rem + ((1vw - 3.2px) * 0.417), 18px);\">Toni Navarro<\/h4>\n\n\n\n<p class=\"has-small-font-size\" style=\"margin-top:4px\">Founder and Project Coordinator<\/p>\n<\/div>\n<\/div>\n<\/div>\n\n\n\n<div class=\"wp-block-column is-vertically-aligned-center is-layout-flow wp-block-column-is-layout-flow\" style=\"flex-basis:66.66%\">\n<p style=\"font-size:clamp(15.747px, 0.984rem + ((1vw - 3.2px) * 0.86), 24px);font-style:normal;font-weight:500;line-height:1.5\"><em>\u00abRegenebike transforma nuestra manera de movernos en la ciudad, reconect\u00e1ndonos, acerc\u00e1ndonos m\u00e1s a la naturaleza y a nuestro entorno social y cultural.\u00bb<\/em><\/p>\n<\/div>\n<\/div>\n<\/div>","protected":false},"excerpt":{"rendered":"<p>Descubre la ciudad y el campo sobre dos ruedas Regenebike promueve la movilidad regenerativa que une personas, naturaleza y comunidad, sanando espacios y creando experiencias urbanas y rurales \u00fanicas. Conecta con la Ciudad y la Naturaleza en Cada Pedalada Descubre c\u00f3mo Regenebike une personas, barrios y entornos para impulsar una movilidad urbana m\u00e1s verde y [&hellip;]<\/p>\n","protected":false},"author":1,"featured_media":0,"parent":0,"menu_order":0,"comment_status":"closed","ping_status":"closed","template":"no-title","meta":{"footnotes":""},"class_list":["post-24","page","type-page","status-publish","hentry"],"aioseo_notices":[],"_links":{"self":[{"href":"https:\/\/regenebike.com\/en\/wp-json\/wp\/v2\/pages\/24","targetHints":{"allow":["GET"]}}],"collection":[{"href":"https:\/\/regenebike.com\/en\/wp-json\/wp\/v2\/pages"}],"about":[{"href":"https:\/\/regenebike.com\/en\/wp-json\/wp\/v2\/types\/page"}],"author":[{"embeddable":true,"href":"https:\/\/regenebike.com\/en\/wp-json\/wp\/v2\/users\/1"}],"replies":[{"embeddable":true,"href":"https:\/\/regenebike.com\/en\/wp-json\/wp\/v2\/comments?post=24"}],"version-history":[{"count":19,"href":"https:\/\/regenebike.com\/en\/wp-json\/wp\/v2\/pages\/24\/revisions"}],"predecessor-version":[{"id":1013,"href":"https:\/\/regenebike.com\/en\/wp-json\/wp\/v2\/pages\/24\/revisions\/1013"}],"wp:attachment":[{"href":"https:\/\/regenebike.com\/en\/wp-json\/wp\/v2\/media?parent=24"}],"curies":[{"name":"wp","href":"https:\/\/api.w.org\/{rel}","templated":true}]}}